{"id":7376,"date":"2024-11-14T13:32:44","date_gmt":"2024-11-14T13:32:44","guid":{"rendered":"https:\/\/www.gsandr.pl\/?page_id=7376"},"modified":"2024-11-18T18:53:20","modified_gmt":"2024-11-18T18:53:20","slug":"zmpwrw-2024","status":"publish","type":"page","link":"https:\/\/www.gsandr.pl\/index.php\/zmpwrw-2024\/","title":{"rendered":"ZMPwRW 2024"},"content":{"rendered":"\t\t<div data-elementor-type=\"wp-page\" data-elementor-id=\"7376\" class=\"elementor elementor-7376\">\n\t\t\t\t\t\t<section class=\"elementor-section elementor-top-section elementor-element elementor-element-d7b73fe elementor-section-boxed elementor-section-height-default elementor-section-height-default\" data-id=\"d7b73fe\" data-element_type=\"section\" data-e-type=\"section\">\n\t\t\t\t\t\t<div class=\"elementor-container elementor-column-gap-default\">\n\t\t\t\t\t<div class=\"elementor-column elementor-col-100 elementor-top-column elementor-element elementor-element-8d53a73\" data-id=\"8d53a73\" data-element_type=\"column\" data-e-type=\"column\">\n\t\t\t<div class=\"elementor-widget-wrap elementor-element-populated\">\n\t\t\t\t\t\t<div class=\"elementor-element elementor-element-5bac7fa elementor-widget elementor-widget-image\" data-id=\"5bac7fa\" data-element_type=\"widget\" data-e-type=\"widget\" data-widget_type=\"image.default\">\n\t\t\t\t<div class=\"elementor-widget-container\">\n\t\t\t\t\t\t\t\t\t\t\t\t\t\t\t<img fetchpriority=\"high\" decoding=\"async\" width=\"1584\" height=\"396\" src=\"https:\/\/www.gsandr.pl\/wp-content\/uploads\/2024\/11\/PROGRAM-A4-orientacja-pozioma-2.png\" class=\"attachment-full size-full wp-image-7406\" alt=\"\" srcset=\"https:\/\/www.gsandr.pl\/wp-content\/uploads\/2024\/11\/PROGRAM-A4-orientacja-pozioma-2.png 1584w, https:\/\/www.gsandr.pl\/wp-content\/uploads\/2024\/11\/PROGRAM-A4-orientacja-pozioma-2-300x75.png 300w, https:\/\/www.gsandr.pl\/wp-content\/uploads\/2024\/11\/PROGRAM-A4-orientacja-pozioma-2-1024x256.png 1024w, https:\/\/www.gsandr.pl\/wp-content\/uploads\/2024\/11\/PROGRAM-A4-orientacja-pozioma-2-768x192.png 768w, https:\/\/www.gsandr.pl\/wp-content\/uploads\/2024\/11\/PROGRAM-A4-orientacja-pozioma-2-1536x384.png 1536w, https:\/\/www.gsandr.pl\/wp-content\/uploads\/2024\/11\/PROGRAM-A4-orientacja-pozioma-2-600x150.png 600w\" sizes=\"(max-width: 1584px) 100vw, 1584px\" \/>\t\t\t\t\t\t\t\t\t\t\t\t\t\t\t<\/div>\n\t\t\t\t<\/div>\n\t\t\t\t\t<\/div>\n\t\t<\/div>\n\t\t\t\t\t<\/div>\n\t\t<\/section>\n\t\t\t\t<section class=\"elementor-section elementor-top-section elementor-element elementor-element-1dc42d9 elementor-section-boxed elementor-section-height-default elementor-section-height-default\" data-id=\"1dc42d9\" data-element_type=\"section\" data-e-type=\"section\">\n\t\t\t\t\t\t<div class=\"elementor-container elementor-column-gap-default\">\n\t\t\t\t\t<div class=\"elementor-column elementor-col-100 elementor-top-column elementor-element elementor-element-8e1a1e1\" data-id=\"8e1a1e1\" data-element_type=\"column\" data-e-type=\"column\">\n\t\t\t<div class=\"elementor-widget-wrap elementor-element-populated\">\n\t\t\t\t\t\t<div class=\"elementor-element elementor-element-c800a8e elementor-widget elementor-widget-text-editor\" data-id=\"c800a8e\" data-element_type=\"widget\" data-e-type=\"widget\" data-widget_type=\"text-editor.default\">\n\t\t\t\t<div class=\"elementor-widget-container\">\n\t\t\t\t\t\t\t\t\t<p><strong>Termin: <\/strong>29 listopada \u2013 1 grudnia 2024<\/p><p><strong>Miejsce:<\/strong> Centrum Sportowo-Rehabilitacyjne WUM, ul. Ksi\u0119cia Trojdena 2C w Warszawie.<\/p><p><strong>Organizatorzy: <\/strong>Zarz\u0105d G\u0142\u00f3wny WOPR, GARMIN Swimming &amp; Rescue, Komisja WOPR ds. Sportu, Sto\u0142eczne WOPR<\/p><p><strong>Zasady uczestnictwa:<\/strong><\/p><p>W zawodach prawo startu maj\u0105:<\/p><ul><li>zawodnicy posiadaj\u0105cy wa\u017cn\u0105 licencj\u0119 zawodnika (junior m\u0142odszy, junior, senior)<\/li><li>reprezentacje narodowe i kluby sportowe \u2013 zawodnicy federacji cz\u0142onk\u00f3w ILS (open)<\/li><li>zawodnik polski mo\u017ce startowa\u0107 reprezentuj\u0105c klub z licencj\u0105 WOPR<\/li><li>zawodnik zagraniczny mo\u017ce startowa\u0107 wy\u0142\u0105cznie reprezentuj\u0105c jeden kraj \u2013 cz\u0142onka ILS.<\/li><\/ul><p><strong>Klasyfikacja:<\/strong> Podczas zawod\u00f3w prowadzona b\u0119dzie klasyfikacja:<\/p><ul><li><strong>Puchar Europy: <\/strong><ul><li>w kategorii OPEN (15 lat uko\u0144czone w roku rozgrywania zawod\u00f3w i starsi)<\/li><\/ul><\/li><li><strong>Puchar Polski i Mistrzostwa Polski:<\/strong><ul><li>w kategorii junior\u00f3w m\u0142odszych 14-15 lat (uko\u0144czonych w roku rozgrywania zawod\u00f3w),<\/li><li>w kategorii junior\u00f3w 16-18 lat (uko\u0144czonych w roku rozgrywania zawod\u00f3w),<\/li><li>w kategorii senior (19 lat uko\u0144czone w roku rozgrywania zawod\u00f3w i starsi).<\/li><li>wy\u015bcigi sztafetowe zostan\u0105 rozegrane w dw\u00f3ch kategoriach:<\/li><\/ul><\/li><\/ul><ol><li>open (senior i junior),<\/li><li>junior m\u0142odszy.<\/li><\/ol><p><strong>Warunki techniczne:<\/strong><\/p><ul><li>P\u0142ywalnia 50-metrowa; 10 tor\u00f3w o szeroko\u015bci 2,5 m, (zawody rozgrywane b\u0119d\u0105 na 8 torach), g\u0142\u0119boko\u015b\u0107 2,1m<\/li><li>Temperatura wody &#8211; 27\/28 <sup>o<\/sup>C,<\/li><li>pomiar czasu \u2013 elektroniczny,<\/li><li>wyposa\u017cenie techniczne zgodnie z przepisami ILS Rule Book 2024 oraz postanowieniami Regulaminu Mistrzostw Polski w Ratownictwie Wodnym 2024.<\/li><\/ul><p><strong>Cel zawod\u00f3w:<\/strong><\/p><ul><li>Podniesienie poziomu wyszkolenia ratownik\u00f3w,<\/li><li>Wy\u0142onienie Mistrz\u00f3w Polski w poszczeg\u00f3lnych dyscyplinach<\/li><li>Rozegranie zawod\u00f3w o Puchar Polski w Ratownictwie Wodnym<\/li><li>Rozegranie zawod\u00f3w Pucharu Europy w Ratownictwie Wodnym<\/li><li>Rozegranie kwalifikacji do \u015awiatowych Igrzysk Sport\u00f3w Nieolimpijskich 2025<\/li><li>promocja sportowego ratownictwa wodnego.<\/li><\/ul><p><strong><a href=\"https:\/\/www.gsandr.pl\/wp-content\/uploads\/2024\/11\/KOMUNIKAT-ORGANIZACYJNY.pdf\">KOMUNIKAT ORGANIZACYJNY<\/a><\/strong><\/p><p><a href=\"https:\/\/livetiming.pl\/contest\/5d7dff47-9306-489b-9907-9c4bcc00098c\"><strong>LIVETIMING<\/strong><\/a><\/p>\t\t\t\t\t\t\t\t<\/div>\n\t\t\t\t<\/div>\n\t\t\t\t\t<\/div>\n\t\t<\/div>\n\t\t\t\t\t<\/div>\n\t\t<\/section>\n\t\t\t\t<section class=\"elementor-section elementor-top-section elementor-element elementor-element-49264f7 elementor-section-boxed elementor-section-height-default elementor-section-height-default\" data-id=\"49264f7\" data-element_type=\"section\" data-e-type=\"section\">\n\t\t\t\t\t\t<div class=\"elementor-container elementor-column-gap-default\">\n\t\t\t\t\t<div class=\"elementor-column elementor-col-100 elementor-top-column elementor-element elementor-element-8ce604a\" data-id=\"8ce604a\" data-element_type=\"column\" data-e-type=\"column\">\n\t\t\t<div class=\"elementor-widget-wrap elementor-element-populated\">\n\t\t\t\t\t\t<div class=\"elementor-element elementor-element-1a0ee6e elementor-widget elementor-widget-text-editor\" data-id=\"1a0ee6e\" data-element_type=\"widget\" data-e-type=\"widget\" data-widget_type=\"text-editor.default\">\n\t\t\t\t<div class=\"elementor-widget-container\">\n\t\t\t\t\t\t\t\t\t<p><strong>Zimowe Mistrzostwa Polski w Ratownictwie Wodnym 2024 s\u0105 dofinansowane ze \u015brodk\u00f3w bud\u017cetowych<br>MINISTERSTWA SPORTU I TURYSTYKI w ramach programu &#8222;Sport dla Wszystkich&#8221;<\/strong><\/p>\t\t\t\t\t\t\t\t<\/div>\n\t\t\t\t<\/div>\n\t\t\t\t<div class=\"elementor-element elementor-element-caa9338 elementor-widget elementor-widget-image\" data-id=\"caa9338\" data-element_type=\"widget\" data-e-type=\"widget\" data-widget_type=\"image.default\">\n\t\t\t\t<div class=\"elementor-widget-container\">\n\t\t\t\t\t\t\t\t\t\t\t\t\t\t\t<img decoding=\"async\" width=\"300\" height=\"114\" src=\"https:\/\/www.gsandr.pl\/wp-content\/uploads\/2024\/11\/images-300x114.png\" class=\"attachment-medium size-medium wp-image-7384\" alt=\"\" srcset=\"https:\/\/www.gsandr.pl\/wp-content\/uploads\/2024\/11\/images-300x114.png 300w, https:\/\/www.gsandr.pl\/wp-content\/uploads\/2024\/11\/images.png 364w\" sizes=\"(max-width: 300px) 100vw, 300px\" \/>\t\t\t\t\t\t\t\t\t\t\t\t\t\t\t<\/div>\n\t\t\t\t<\/div>\n\t\t\t\t\t<\/div>\n\t\t<\/div>\n\t\t\t\t\t<\/div>\n\t\t<\/section>\n\t\t\t\t<\/div>\n\t\t","protected":false},"excerpt":{"rendered":"<p>Termin: 29 listopada \u2013 1 grudnia 2024 Miejsce: Centrum Sportowo-Rehabilitacyjne WUM, ul. Ksi\u0119cia Trojdena 2C w Warszawie. Organizatorzy: Zarz\u0105d G\u0142\u00f3wny WOPR, GARMIN Swimming &amp; Rescue, Komisja WOPR ds. Sportu, Sto\u0142eczne WOPR Zasady uczestnictwa: W zawodach prawo startu maj\u0105: zawodnicy posiadaj\u0105cy wa\u017cn\u0105 licencj\u0119 zawodnika (junior m\u0142odszy, junior, senior) reprezentacje narodowe i kluby sportowe \u2013 zawodnicy federacji&hellip;<\/p>\n","protected":false},"author":1,"featured_media":0,"parent":0,"menu_order":0,"comment_status":"closed","ping_status":"closed","template":"","meta":{"om_disable_all_campaigns":false,"_monsterinsights_skip_tracking":false,"_monsterinsights_sitenote_active":false,"_monsterinsights_sitenote_note":"","_monsterinsights_sitenote_category":0,"postBodyCss":"","postBodyMargin":[],"postBodyPadding":[],"postBodyBackground":{"backgroundType":"classic","gradient":""},"footnotes":""},"class_list":["post-7376","page","type-page","status-publish","hentry"],"aioseo_notices":[],"_links":{"self":[{"href":"https:\/\/www.gsandr.pl\/index.php\/wp-json\/wp\/v2\/pages\/7376","targetHints":{"allow":["GET"]}}],"collection":[{"href":"https:\/\/www.gsandr.pl\/index.php\/wp-json\/wp\/v2\/pages"}],"about":[{"href":"https:\/\/www.gsandr.pl\/index.php\/wp-json\/wp\/v2\/types\/page"}],"author":[{"embeddable":true,"href":"https:\/\/www.gsandr.pl\/index.php\/wp-json\/wp\/v2\/users\/1"}],"replies":[{"embeddable":true,"href":"https:\/\/www.gsandr.pl\/index.php\/wp-json\/wp\/v2\/comments?post=7376"}],"version-history":[{"count":28,"href":"https:\/\/www.gsandr.pl\/index.php\/wp-json\/wp\/v2\/pages\/7376\/revisions"}],"predecessor-version":[{"id":7445,"href":"https:\/\/www.gsandr.pl\/index.php\/wp-json\/wp\/v2\/pages\/7376\/revisions\/7445"}],"wp:attachment":[{"href":"https:\/\/www.gsandr.pl\/index.php\/wp-json\/wp\/v2\/media?parent=7376"}],"curies":[{"name":"wp","href":"https:\/\/api.w.org\/{rel}","templated":true}]}}