{"id":6696,"date":"2024-09-06T18:32:17","date_gmt":"2024-09-06T18:32:17","guid":{"rendered":"https:\/\/www.gsandr.pl\/?page_id=6696"},"modified":"2024-10-18T16:03:06","modified_gmt":"2024-10-18T16:03:06","slug":"trening-z-csr-wum","status":"publish","type":"page","link":"https:\/\/www.gsandr.pl\/index.php\/trening-z-csr-wum\/","title":{"rendered":"TRENING Z MISTRZEM"},"content":{"rendered":"\t\t<div data-elementor-type=\"wp-page\" data-elementor-id=\"6696\" class=\"elementor elementor-6696\">\n\t\t\t\t\t\t<section class=\"elementor-section elementor-top-section elementor-element elementor-element-42de3b2 elementor-section-boxed elementor-section-height-default elementor-section-height-default\" data-id=\"42de3b2\" data-element_type=\"section\" data-e-type=\"section\">\n\t\t\t\t\t\t<div class=\"elementor-container elementor-column-gap-default\">\n\t\t\t\t\t<div class=\"elementor-column elementor-col-100 elementor-top-column elementor-element elementor-element-a1adb9d\" data-id=\"a1adb9d\" data-element_type=\"column\" data-e-type=\"column\">\n\t\t\t<div class=\"elementor-widget-wrap elementor-element-populated\">\n\t\t\t\t\t\t<div class=\"elementor-element elementor-element-e58ed52 elementor-widget__width-initial elementor-widget elementor-widget-image\" data-id=\"e58ed52\" data-element_type=\"widget\" data-e-type=\"widget\" data-widget_type=\"image.default\">\n\t\t\t\t<div class=\"elementor-widget-container\">\n\t\t\t\t\t\t\t\t\t\t\t\t\t\t\t<img fetchpriority=\"high\" decoding=\"async\" width=\"3402\" height=\"2268\" src=\"https:\/\/www.gsandr.pl\/wp-content\/uploads\/2024\/09\/Black-White-Blue-Swimming-Sports-Photo-Collage-120-x-80-cm.png\" class=\"attachment-full size-full wp-image-6698\" alt=\"\" srcset=\"https:\/\/www.gsandr.pl\/wp-content\/uploads\/2024\/09\/Black-White-Blue-Swimming-Sports-Photo-Collage-120-x-80-cm.png 3402w, https:\/\/www.gsandr.pl\/wp-content\/uploads\/2024\/09\/Black-White-Blue-Swimming-Sports-Photo-Collage-120-x-80-cm-300x200.png 300w, https:\/\/www.gsandr.pl\/wp-content\/uploads\/2024\/09\/Black-White-Blue-Swimming-Sports-Photo-Collage-120-x-80-cm-1024x683.png 1024w, https:\/\/www.gsandr.pl\/wp-content\/uploads\/2024\/09\/Black-White-Blue-Swimming-Sports-Photo-Collage-120-x-80-cm-768x512.png 768w, https:\/\/www.gsandr.pl\/wp-content\/uploads\/2024\/09\/Black-White-Blue-Swimming-Sports-Photo-Collage-120-x-80-cm-1536x1024.png 1536w, https:\/\/www.gsandr.pl\/wp-content\/uploads\/2024\/09\/Black-White-Blue-Swimming-Sports-Photo-Collage-120-x-80-cm-2048x1365.png 2048w, https:\/\/www.gsandr.pl\/wp-content\/uploads\/2024\/09\/Black-White-Blue-Swimming-Sports-Photo-Collage-120-x-80-cm-600x400.png 600w\" sizes=\"(max-width: 3402px) 100vw, 3402px\" \/>\t\t\t\t\t\t\t\t\t\t\t\t\t\t\t<\/div>\n\t\t\t\t<\/div>\n\t\t\t\t\t<\/div>\n\t\t<\/div>\n\t\t\t\t\t<\/div>\n\t\t<\/section>\n\t\t\t\t<section class=\"elementor-section elementor-top-section elementor-element elementor-element-76dd7d3 elementor-section-boxed elementor-section-height-default elementor-section-height-default\" data-id=\"76dd7d3\" data-element_type=\"section\" data-e-type=\"section\">\n\t\t\t\t\t\t<div class=\"elementor-container elementor-column-gap-default\">\n\t\t\t\t\t<div class=\"elementor-column elementor-col-100 elementor-top-column elementor-element elementor-element-e932311\" data-id=\"e932311\" data-element_type=\"column\" data-e-type=\"column\">\n\t\t\t<div class=\"elementor-widget-wrap elementor-element-populated\">\n\t\t\t\t\t\t<div class=\"elementor-element elementor-element-0b87892 elementor-widget__width-initial elementor-widget elementor-widget-text-editor\" data-id=\"0b87892\" data-element_type=\"widget\" data-e-type=\"widget\" data-widget_type=\"text-editor.default\">\n\t\t\t\t<div class=\"elementor-widget-container\">\n\t\t\t\t\t\t\t\t\t<p><strong>AKCJA<\/strong>: wsp\u00f3lny trening z Mistrzem \u015awiata w ratownictwie wodnym &#8211; Adamem Dubielem<\/p>\n<p><strong>TERMIN<\/strong>: 13 wrze\u015bnia 2024, godz.: 16:00-19:00<\/p>\n<p><strong>MIEJSCE<\/strong>: Centrum Sportowo Rehabilitacyjne Warszawskiego Uniwersytetu Medycznego, ul. Ksi\u0119cia Trojdena 2C, 02-109 Warszawa<\/p>\n<p><strong>UCZESTNICY<\/strong>: pe\u0142noletnie osoby p\u0142ywaj\u0105ce (osoby niepe\u0142noletnie &#8211; wy\u0142\u0105cznie razem z opiekunem prawnym)<\/p>\n<p><strong>PARTNERZY:<\/strong>&nbsp;GARMIN Polska, TRUE Man Skincare<\/p>\n<p><strong>ORGANIZATORZY<\/strong>: CSR WUM, GARMIN Swimming &amp; Rescue<\/p>\n<p><strong>PROWADZ\u0104CY<\/strong>: Trenerzy Garmin Swimming &amp; Rescue<\/p>\n<p><strong>KOSZT<\/strong>: Udzia\u0142 bezp\u0142atny. Ilo\u015b\u0107 miejsc jest ograniczona. Decyduje kolejno\u015b\u0107 zg\u0142osze\u0144<\/p>\n<p><strong>INNE<\/strong>: Dla wszystkich uczestnik\u00f3w przewidziane s\u0105 upominki od Partner\u00f3w<\/p>\n<p><b>RODO:<\/b> <strong><a href=\"https:\/\/www.gsandr.pl\/wp-content\/uploads\/2024\/02\/KLAUZULA-RODO.pdf\">klauzula RODO<\/a><\/strong><\/p>\t\t\t\t\t\t\t\t<\/div>\n\t\t\t\t<\/div>\n\t\t\t\t\t<\/div>\n\t\t<\/div>\n\t\t\t\t\t<\/div>\n\t\t<\/section>\n\t\t\t\t<\/div>\n\t\t","protected":false},"excerpt":{"rendered":"<p>AKCJA: wsp\u00f3lny trening z Mistrzem \u015awiata w ratownictwie wodnym &#8211; Adamem Dubielem TERMIN: 13 wrze\u015bnia 2024, godz.: 16:00-19:00 MIEJSCE: Centrum Sportowo Rehabilitacyjne Warszawskiego Uniwersytetu Medycznego, ul. Ksi\u0119cia Trojdena 2C, 02-109 Warszawa UCZESTNICY: pe\u0142noletnie osoby p\u0142ywaj\u0105ce (osoby niepe\u0142noletnie &#8211; wy\u0142\u0105cznie razem z opiekunem prawnym) PARTNERZY:&nbsp;GARMIN Polska, TRUE Man Skincare ORGANIZATORZY: CSR WUM, GARMIN Swimming &amp; Rescue&hellip;<\/p>\n","protected":false},"author":1,"featured_media":0,"parent":0,"menu_order":0,"comment_status":"closed","ping_status":"closed","template":"","meta":{"om_disable_all_campaigns":false,"_monsterinsights_skip_tracking":false,"_monsterinsights_sitenote_active":false,"_monsterinsights_sitenote_note":"","_monsterinsights_sitenote_category":0,"postBodyCss":"","postBodyMargin":[],"postBodyPadding":[],"postBodyBackground":{"backgroundType":"classic","gradient":""},"footnotes":""},"class_list":["post-6696","page","type-page","status-publish","hentry"],"aioseo_notices":[],"_links":{"self":[{"href":"https:\/\/www.gsandr.pl\/index.php\/wp-json\/wp\/v2\/pages\/6696","targetHints":{"allow":["GET"]}}],"collection":[{"href":"https:\/\/www.gsandr.pl\/index.php\/wp-json\/wp\/v2\/pages"}],"about":[{"href":"https:\/\/www.gsandr.pl\/index.php\/wp-json\/wp\/v2\/types\/page"}],"author":[{"embeddable":true,"href":"https:\/\/www.gsandr.pl\/index.php\/wp-json\/wp\/v2\/users\/1"}],"replies":[{"embeddable":true,"href":"https:\/\/www.gsandr.pl\/index.php\/wp-json\/wp\/v2\/comments?post=6696"}],"version-history":[{"count":29,"href":"https:\/\/www.gsandr.pl\/index.php\/wp-json\/wp\/v2\/pages\/6696\/revisions"}],"predecessor-version":[{"id":7132,"href":"https:\/\/www.gsandr.pl\/index.php\/wp-json\/wp\/v2\/pages\/6696\/revisions\/7132"}],"wp:attachment":[{"href":"https:\/\/www.gsandr.pl\/index.php\/wp-json\/wp\/v2\/media?parent=6696"}],"curies":[{"name":"wp","href":"https:\/\/api.w.org\/{rel}","templated":true}]}}