{"id":6060,"date":"2024-05-06T20:08:35","date_gmt":"2024-05-06T20:08:35","guid":{"rendered":"https:\/\/www.gsandr.pl\/?page_id=6060"},"modified":"2024-05-20T16:11:59","modified_gmt":"2024-05-20T16:11:59","slug":"dzien-dziecka-z-csr-wum","status":"publish","type":"page","link":"https:\/\/www.gsandr.pl\/index.php\/dzien-dziecka-z-csr-wum\/","title":{"rendered":"DZIE\u0143 DZIECKA z CSR WUM"},"content":{"rendered":"\t\t<div data-elementor-type=\"wp-page\" data-elementor-id=\"6060\" class=\"elementor elementor-6060\">\n\t\t\t\t\t\t<section class=\"elementor-section elementor-top-section elementor-element elementor-element-5781ae5 elementor-section-boxed elementor-section-height-default elementor-section-height-default\" data-id=\"5781ae5\" data-element_type=\"section\" data-e-type=\"section\">\n\t\t\t\t\t\t<div class=\"elementor-container elementor-column-gap-default\">\n\t\t\t\t\t<div class=\"elementor-column elementor-col-50 elementor-top-column elementor-element elementor-element-d9a334d\" data-id=\"d9a334d\" data-element_type=\"column\" data-e-type=\"column\">\n\t\t\t<div class=\"elementor-widget-wrap elementor-element-populated\">\n\t\t\t\t\t\t<div class=\"elementor-element elementor-element-4e77ca0 elementor-widget elementor-widget-image\" data-id=\"4e77ca0\" data-element_type=\"widget\" data-e-type=\"widget\" data-widget_type=\"image.default\">\n\t\t\t\t<div class=\"elementor-widget-container\">\n\t\t\t\t\t\t\t\t\t\t\t\t\t\t\t<img fetchpriority=\"high\" decoding=\"async\" width=\"576\" height=\"1024\" src=\"https:\/\/www.gsandr.pl\/wp-content\/uploads\/2024\/05\/relacja-DD-1-576x1024.png\" class=\"attachment-large size-large wp-image-6127\" alt=\"\" srcset=\"https:\/\/www.gsandr.pl\/wp-content\/uploads\/2024\/05\/relacja-DD-1-576x1024.png 576w, https:\/\/www.gsandr.pl\/wp-content\/uploads\/2024\/05\/relacja-DD-1-169x300.png 169w, https:\/\/www.gsandr.pl\/wp-content\/uploads\/2024\/05\/relacja-DD-1-768x1365.png 768w, https:\/\/www.gsandr.pl\/wp-content\/uploads\/2024\/05\/relacja-DD-1-864x1536.png 864w, https:\/\/www.gsandr.pl\/wp-content\/uploads\/2024\/05\/relacja-DD-1-600x1067.png 600w, https:\/\/www.gsandr.pl\/wp-content\/uploads\/2024\/05\/relacja-DD-1.png 1080w\" sizes=\"(max-width: 576px) 100vw, 576px\" \/>\t\t\t\t\t\t\t\t\t\t\t\t\t\t\t<\/div>\n\t\t\t\t<\/div>\n\t\t\t\t\t<\/div>\n\t\t<\/div>\n\t\t\t\t<div class=\"elementor-column elementor-col-50 elementor-top-column elementor-element elementor-element-f077685\" data-id=\"f077685\" data-element_type=\"column\" data-e-type=\"column\">\n\t\t\t<div class=\"elementor-widget-wrap elementor-element-populated\">\n\t\t\t\t\t\t<div class=\"elementor-element elementor-element-e5a2784 elementor-widget elementor-widget-text-editor\" data-id=\"e5a2784\" data-element_type=\"widget\" data-e-type=\"widget\" data-widget_type=\"text-editor.default\">\n\t\t\t\t<div class=\"elementor-widget-container\">\n\t\t\t\t\t\t\t\t\t<p>\u00a0<\/p><p><b>AKCJA<\/b>: Dzie\u0144 Dziecka z CSR WUM<\/p><p><strong>TERMIN<\/strong>: 19 maja 2024, godz.: 16:00-18:00<\/p><p><strong>MIEJSCE<\/strong>: Centrum Sportowo Rehabilitacyjne WUM<\/p><p><strong>UCZESTNICY<\/strong>: Dzieci i m\u0142odzie\u017c w wieku 6-17 lat<\/p><p><strong>PARTNERZY:<\/strong>\u00a0GARMIN Polska,\u00a0<span style=\"letter-spacing: 0px;\">Aqua Speed<\/span><\/p><p><strong>ORGANIZATORZY<\/strong>: CSR WUM, GARMIN Swimming &amp; Rescue<\/p><p><strong>PROWADZ\u0104CY<\/strong>: Trenerzy Garmin Swimming &amp; Rescue i Legia Swimming Schools<\/p><p><strong style=\"letter-spacing: 0px;\">WARUNKI UCZESTNICTWA: <\/strong><span style=\"letter-spacing: 0px;\">Umiej\u0119tno\u015b\u0107 p\u0142ywania &#8211; warunek konieczny!\u00a0<\/span><\/p><p><strong>PROGRAM<\/strong>: podstawy kraula \/ skok startowy ze s\u0142upka \/ nawr\u00f3t do kraula \/ mini trening p\u0142ywacki- mo\u017cliwo\u015b\u0107 uczestnictwa tylko w wybranych sekcjach<\/p><p><strong>TURY<\/strong>: 1 &#8211; 16:00-17:00, 2 &#8211; 17:00-18:00<\/p><p><strong>INNE<\/strong>: Dla wszystkich uczestnik\u00f3w przewidziane s\u0105 upominki od Organizator\u00f3w i Partner\u00f3w<\/p><p><strong>ZG\u0141OSZENIE<\/strong>: (zamkni\u0119te)<\/p>\t\t\t\t\t\t\t\t<\/div>\n\t\t\t\t<\/div>\n\t\t\t\t\t<\/div>\n\t\t<\/div>\n\t\t\t\t\t<\/div>\n\t\t<\/section>\n\t\t\t\t<section class=\"elementor-section elementor-top-section elementor-element elementor-element-9511d71 elementor-section-boxed elementor-section-height-default elementor-section-height-default\" data-id=\"9511d71\" data-element_type=\"section\" data-e-type=\"section\">\n\t\t\t\t\t\t<div class=\"elementor-container elementor-column-gap-default\">\n\t\t\t\t\t<div class=\"elementor-column elementor-col-100 elementor-top-column elementor-element elementor-element-7918a74\" data-id=\"7918a74\" data-element_type=\"column\" data-e-type=\"column\">\n\t\t\t<div class=\"elementor-widget-wrap elementor-element-populated\">\n\t\t\t\t\t\t<div class=\"elementor-element elementor-element-7aeffdf elementor-widget-divider--view-line elementor-widget elementor-widget-divider\" data-id=\"7aeffdf\" data-element_type=\"widget\" data-e-type=\"widget\" data-widget_type=\"divider.default\">\n\t\t\t\t<div class=\"elementor-widget-container\">\n\t\t\t\t\t\t\t<div class=\"elementor-divider\">\n\t\t\t<span class=\"elementor-divider-separator\">\n\t\t\t\t\t\t<\/span>\n\t\t<\/div>\n\t\t\t\t\t\t<\/div>\n\t\t\t\t<\/div>\n\t\t\t\t\t<\/div>\n\t\t<\/div>\n\t\t\t\t\t<\/div>\n\t\t<\/section>\n\t\t\t\t<section class=\"elementor-section elementor-top-section elementor-element elementor-element-1709e61 elementor-section-boxed elementor-section-height-default elementor-section-height-default\" data-id=\"1709e61\" data-element_type=\"section\" data-e-type=\"section\">\n\t\t\t\t\t\t<div class=\"elementor-container elementor-column-gap-default\">\n\t\t\t\t\t<div class=\"elementor-column elementor-col-100 elementor-top-column elementor-element elementor-element-522f72b\" data-id=\"522f72b\" data-element_type=\"column\" data-e-type=\"column\">\n\t\t\t<div class=\"elementor-widget-wrap elementor-element-populated\">\n\t\t\t\t\t\t<div class=\"elementor-element elementor-element-03dc539 elementor-widget elementor-widget-text-editor\" data-id=\"03dc539\" data-element_type=\"widget\" data-e-type=\"widget\" data-widget_type=\"text-editor.default\">\n\t\t\t\t<div class=\"elementor-widget-container\">\n\t\t\t\t\t\t\t\t\t<p><strong><a style=\"border: none; overflow: hidden;\" href=\"https:\/\/www.facebook.com\/share\/p\/NWeRybVgcWvLAMmC\/\">GALERIA ZDJ\u0118\u0106 NA FACEBOOKU<\/a><\/strong><\/p>\t\t\t\t\t\t\t\t<\/div>\n\t\t\t\t<\/div>\n\t\t\t\t\t<\/div>\n\t\t<\/div>\n\t\t\t\t\t<\/div>\n\t\t<\/section>\n\t\t\t\t<section class=\"elementor-section elementor-top-section elementor-element elementor-element-1ca7037 elementor-section-boxed elementor-section-height-default elementor-section-height-default\" data-id=\"1ca7037\" data-element_type=\"section\" data-e-type=\"section\">\n\t\t\t\t\t\t<div class=\"elementor-container elementor-column-gap-default\">\n\t\t\t\t\t<div class=\"elementor-column elementor-col-100 elementor-top-column elementor-element elementor-element-56cd6f2\" data-id=\"56cd6f2\" data-element_type=\"column\" data-e-type=\"column\">\n\t\t\t<div class=\"elementor-widget-wrap elementor-element-populated\">\n\t\t\t\t\t\t<div class=\"elementor-element elementor-element-a0eb461 elementor-widget-divider--view-line elementor-widget elementor-widget-divider\" data-id=\"a0eb461\" data-element_type=\"widget\" data-e-type=\"widget\" data-widget_type=\"divider.default\">\n\t\t\t\t<div class=\"elementor-widget-container\">\n\t\t\t\t\t\t\t<div class=\"elementor-divider\">\n\t\t\t<span class=\"elementor-divider-separator\">\n\t\t\t\t\t\t<\/span>\n\t\t<\/div>\n\t\t\t\t\t\t<\/div>\n\t\t\t\t<\/div>\n\t\t\t\t\t<\/div>\n\t\t<\/div>\n\t\t\t\t\t<\/div>\n\t\t<\/section>\n\t\t\t\t<section class=\"elementor-section elementor-top-section elementor-element elementor-element-3b0f9f0 elementor-section-boxed elementor-section-height-default elementor-section-height-default\" data-id=\"3b0f9f0\" data-element_type=\"section\" data-e-type=\"section\">\n\t\t\t\t\t\t<div class=\"elementor-container elementor-column-gap-default\">\n\t\t\t\t\t<div class=\"elementor-column elementor-col-100 elementor-top-column elementor-element elementor-element-c0104c3\" data-id=\"c0104c3\" data-element_type=\"column\" data-e-type=\"column\">\n\t\t\t<div class=\"elementor-widget-wrap elementor-element-populated\">\n\t\t\t\t\t\t<div class=\"elementor-element elementor-element-64caf8d elementor-widget elementor-widget-text-editor\" data-id=\"64caf8d\" data-element_type=\"widget\" data-e-type=\"widget\" data-widget_type=\"text-editor.default\">\n\t\t\t\t<div class=\"elementor-widget-container\">\n\t\t\t\t\t\t\t\t\t<p><span style=\"color: #54595f;\"><i>Dzi\u0119kujemy wszystkim uczestnikom za super czas, zaanga\u017cowanie i dobr\u0105 zabaw\u0119!<\/i><\/span><\/p><p><span style=\"color: #54595f;\"><i>Do zobaczenia na kolejnych zaj\u0119ciach \ud83d\ude42<\/i><\/span><\/p><p><em style=\"letter-spacing: 0px;\">W razie jakichkolwiek pyta\u0144 prosimy o kontakt pod adresem mailowym:\u00a0<span style=\"font-weight: bold;\">biuro@gsandr.pl<\/span><\/em><\/p>\t\t\t\t\t\t\t\t<\/div>\n\t\t\t\t<\/div>\n\t\t\t\t\t<\/div>\n\t\t<\/div>\n\t\t\t\t\t<\/div>\n\t\t<\/section>\n\t\t\t\t<\/div>\n\t\t","protected":false},"excerpt":{"rendered":"<p>\u00a0 AKCJA: Dzie\u0144 Dziecka z CSR WUM TERMIN: 19 maja 2024, godz.: 16:00-18:00 MIEJSCE: Centrum Sportowo Rehabilitacyjne WUM UCZESTNICY: Dzieci i m\u0142odzie\u017c w wieku 6-17 lat PARTNERZY:\u00a0GARMIN Polska,\u00a0Aqua Speed ORGANIZATORZY: CSR WUM, GARMIN Swimming &amp; Rescue PROWADZ\u0104CY: Trenerzy Garmin Swimming &amp; Rescue i Legia Swimming Schools WARUNKI UCZESTNICTWA: Umiej\u0119tno\u015b\u0107 p\u0142ywania &#8211; warunek konieczny!\u00a0 PROGRAM: podstawy&hellip;<\/p>\n","protected":false},"author":1,"featured_media":0,"parent":0,"menu_order":0,"comment_status":"closed","ping_status":"closed","template":"","meta":{"om_disable_all_campaigns":false,"_monsterinsights_skip_tracking":false,"_monsterinsights_sitenote_active":false,"_monsterinsights_sitenote_note":"","_monsterinsights_sitenote_category":0,"postBodyCss":"","postBodyMargin":[],"postBodyPadding":[],"postBodyBackground":{"backgroundType":"classic","gradient":""},"footnotes":""},"class_list":["post-6060","page","type-page","status-publish","hentry"],"aioseo_notices":[],"_links":{"self":[{"href":"https:\/\/www.gsandr.pl\/index.php\/wp-json\/wp\/v2\/pages\/6060","targetHints":{"allow":["GET"]}}],"collection":[{"href":"https:\/\/www.gsandr.pl\/index.php\/wp-json\/wp\/v2\/pages"}],"about":[{"href":"https:\/\/www.gsandr.pl\/index.php\/wp-json\/wp\/v2\/types\/page"}],"author":[{"embeddable":true,"href":"https:\/\/www.gsandr.pl\/index.php\/wp-json\/wp\/v2\/users\/1"}],"replies":[{"embeddable":true,"href":"https:\/\/www.gsandr.pl\/index.php\/wp-json\/wp\/v2\/comments?post=6060"}],"version-history":[{"count":73,"href":"https:\/\/www.gsandr.pl\/index.php\/wp-json\/wp\/v2\/pages\/6060\/revisions"}],"predecessor-version":[{"id":6276,"href":"https:\/\/www.gsandr.pl\/index.php\/wp-json\/wp\/v2\/pages\/6060\/revisions\/6276"}],"wp:attachment":[{"href":"https:\/\/www.gsandr.pl\/index.php\/wp-json\/wp\/v2\/media?parent=6060"}],"curies":[{"name":"wp","href":"https:\/\/api.w.org\/{rel}","templated":true}]}}