{"id":2070,"date":"2022-12-15T12:17:31","date_gmt":"2022-12-15T12:17:31","guid":{"rendered":"https:\/\/www.gsandr.pl\/?page_id=2070"},"modified":"2024-10-14T17:38:58","modified_gmt":"2024-10-14T17:38:58","slug":"voucher","status":"publish","type":"page","link":"https:\/\/www.gsandr.pl\/index.php\/voucher\/","title":{"rendered":"VOUCHER"},"content":{"rendered":"\t\t<div data-elementor-type=\"wp-page\" data-elementor-id=\"2070\" class=\"elementor elementor-2070\">\n\t\t\t\t\t\t<section class=\"elementor-section elementor-top-section elementor-element elementor-element-543e04a elementor-section-boxed elementor-section-height-default elementor-section-height-default\" data-id=\"543e04a\" data-element_type=\"section\" data-e-type=\"section\">\n\t\t\t\t\t\t<div class=\"elementor-container elementor-column-gap-default\">\n\t\t\t\t\t<div class=\"elementor-column elementor-col-100 elementor-top-column elementor-element elementor-element-4833469\" data-id=\"4833469\" data-element_type=\"column\" data-e-type=\"column\">\n\t\t\t<div class=\"elementor-widget-wrap elementor-element-populated\">\n\t\t\t\t\t\t<div class=\"elementor-element elementor-element-4730b6a elementor-widget elementor-widget-image\" data-id=\"4730b6a\" data-element_type=\"widget\" data-e-type=\"widget\" data-widget_type=\"image.default\">\n\t\t\t\t<div class=\"elementor-widget-container\">\n\t\t\t\t\t\t\t\t\t\t\t\t\t\t\t<img fetchpriority=\"high\" decoding=\"async\" width=\"1024\" height=\"726\" src=\"https:\/\/www.gsandr.pl\/wp-content\/uploads\/2023\/04\/voucher-gsr-1024x726.png\" class=\"elementor-animation-pulse attachment-large size-large wp-image-2971\" alt=\"\" srcset=\"https:\/\/www.gsandr.pl\/wp-content\/uploads\/2023\/04\/voucher-gsr-1024x726.png 1024w, https:\/\/www.gsandr.pl\/wp-content\/uploads\/2023\/04\/voucher-gsr-300x213.png 300w, https:\/\/www.gsandr.pl\/wp-content\/uploads\/2023\/04\/voucher-gsr-768x545.png 768w, https:\/\/www.gsandr.pl\/wp-content\/uploads\/2023\/04\/voucher-gsr-1536x1090.png 1536w, https:\/\/www.gsandr.pl\/wp-content\/uploads\/2023\/04\/voucher-gsr-600x426.png 600w, https:\/\/www.gsandr.pl\/wp-content\/uploads\/2023\/04\/voucher-gsr.png 1748w\" sizes=\"(max-width: 1024px) 100vw, 1024px\" \/>\t\t\t\t\t\t\t\t\t\t\t\t\t\t\t<\/div>\n\t\t\t\t<\/div>\n\t\t\t\t\t<\/div>\n\t\t<\/div>\n\t\t\t\t\t<\/div>\n\t\t<\/section>\n\t\t\t\t<section class=\"elementor-section elementor-top-section elementor-element elementor-element-07eb627 elementor-section-boxed elementor-section-height-default elementor-section-height-default\" data-id=\"07eb627\" data-element_type=\"section\" data-e-type=\"section\">\n\t\t\t\t\t\t<div class=\"elementor-container elementor-column-gap-default\">\n\t\t\t\t\t<div class=\"elementor-column elementor-col-100 elementor-top-column elementor-element elementor-element-0a40276\" data-id=\"0a40276\" data-element_type=\"column\" data-e-type=\"column\">\n\t\t\t<div class=\"elementor-widget-wrap elementor-element-populated\">\n\t\t\t\t\t\t<div class=\"elementor-element elementor-element-5d233b8 elementor-widget elementor-widget-text-editor\" data-id=\"5d233b8\" data-element_type=\"widget\" data-e-type=\"widget\" data-widget_type=\"text-editor.default\">\n\t\t\t\t<div class=\"elementor-widget-container\">\n\t\t\t\t\t\t\t\t\t<p>Szukasz sportowego prezentu? A mo\u017ce chcesz rozpocz\u0105\u0107 swoj\u0105 przygod\u0119 z p\u0142ywaniem? Ju\u017c dzi\u015b zadbaj o form\u0119 swoj\u0105 lub bliskich i podaruj voucher na indywidualne zaj\u0119cia p\u0142ywania z <strong>GARMIN SWIMMING &amp; RESCUE<\/strong> w swojej miejscowo\u015bci!<\/p>\n<p><strong>CENA<\/strong>*: wycena indywidualna w zale\u017cno\u015bci od potrzeb i lokalizacji.<\/p>\n<p>Napisz do nas by dowiedzie\u0107 wi\u0119cej! <a href=\"https:\/\/www.gsandr.pl\/index.php\/kontakt\/\">KONTAKT<\/a><\/p>\n<h6><span style=\"font-weight: normal;\">*cena nie obejmuje kosztu wej\u015bcia na p\u0142ywalni\u0119<\/span><\/h6>\t\t\t\t\t\t\t\t<\/div>\n\t\t\t\t<\/div>\n\t\t\t\t\t<\/div>\n\t\t<\/div>\n\t\t\t\t\t<\/div>\n\t\t<\/section>\n\t\t\t\t<\/div>\n\t\t","protected":false},"excerpt":{"rendered":"<p>Szukasz sportowego prezentu? A mo\u017ce chcesz rozpocz\u0105\u0107 swoj\u0105 przygod\u0119 z p\u0142ywaniem? Ju\u017c dzi\u015b zadbaj o form\u0119 swoj\u0105 lub bliskich i podaruj voucher na indywidualne zaj\u0119cia p\u0142ywania z GARMIN SWIMMING &amp; RESCUE w swojej miejscowo\u015bci! CENA*: wycena indywidualna w zale\u017cno\u015bci od potrzeb i lokalizacji. Napisz do nas by dowiedzie\u0107 wi\u0119cej! KONTAKT *cena nie obejmuje kosztu wej\u015bcia&hellip;<\/p>\n","protected":false},"author":1,"featured_media":0,"parent":0,"menu_order":0,"comment_status":"closed","ping_status":"closed","template":"","meta":{"om_disable_all_campaigns":false,"_monsterinsights_skip_tracking":false,"_monsterinsights_sitenote_active":false,"_monsterinsights_sitenote_note":"","_monsterinsights_sitenote_category":0,"postBodyCss":"","postBodyMargin":[],"postBodyPadding":[],"postBodyBackground":{"backgroundType":"classic","gradient":""},"footnotes":""},"class_list":["post-2070","page","type-page","status-publish","hentry"],"aioseo_notices":[],"_links":{"self":[{"href":"https:\/\/www.gsandr.pl\/index.php\/wp-json\/wp\/v2\/pages\/2070","targetHints":{"allow":["GET"]}}],"collection":[{"href":"https:\/\/www.gsandr.pl\/index.php\/wp-json\/wp\/v2\/pages"}],"about":[{"href":"https:\/\/www.gsandr.pl\/index.php\/wp-json\/wp\/v2\/types\/page"}],"author":[{"embeddable":true,"href":"https:\/\/www.gsandr.pl\/index.php\/wp-json\/wp\/v2\/users\/1"}],"replies":[{"embeddable":true,"href":"https:\/\/www.gsandr.pl\/index.php\/wp-json\/wp\/v2\/comments?post=2070"}],"version-history":[{"count":34,"href":"https:\/\/www.gsandr.pl\/index.php\/wp-json\/wp\/v2\/pages\/2070\/revisions"}],"predecessor-version":[{"id":6880,"href":"https:\/\/www.gsandr.pl\/index.php\/wp-json\/wp\/v2\/pages\/2070\/revisions\/6880"}],"wp:attachment":[{"href":"https:\/\/www.gsandr.pl\/index.php\/wp-json\/wp\/v2\/media?parent=2070"}],"curies":[{"name":"wp","href":"https:\/\/api.w.org\/{rel}","templated":true}]}}