{"id":1808,"date":"2022-12-06T16:08:11","date_gmt":"2022-12-06T16:08:11","guid":{"rendered":"http:\/\/www.gsandr.pl\/?page_id=1808"},"modified":"2022-12-06T16:15:02","modified_gmt":"2022-12-06T16:15:02","slug":"statut","status":"publish","type":"page","link":"https:\/\/www.gsandr.pl\/index.php\/statut\/","title":{"rendered":"STATUT"},"content":{"rendered":"\t\t<div data-elementor-type=\"wp-page\" data-elementor-id=\"1808\" class=\"elementor elementor-1808\">\n\t\t\t\t\t\t<section class=\"elementor-section elementor-top-section elementor-element elementor-element-35870fda elementor-section-content-middle elementor-section-boxed elementor-section-height-default elementor-section-height-default\" data-id=\"35870fda\" data-element_type=\"section\" data-e-type=\"section\" data-settings=\"{&quot;background_background&quot;:&quot;classic&quot;}\">\n\t\t\t\t\t\t<div class=\"elementor-container elementor-column-gap-no\">\n\t\t\t\t\t<div class=\"elementor-column elementor-col-50 elementor-top-column elementor-element elementor-element-6ed0ebf6\" data-id=\"6ed0ebf6\" data-element_type=\"column\" data-e-type=\"column\">\n\t\t\t<div class=\"elementor-widget-wrap elementor-element-populated\">\n\t\t\t\t\t\t<div class=\"elementor-element elementor-element-416e2140 elementor-widget elementor-widget-image\" data-id=\"416e2140\" data-element_type=\"widget\" data-e-type=\"widget\" data-widget_type=\"image.default\">\n\t\t\t\t<div class=\"elementor-widget-container\">\n\t\t\t\t\t\t\t\t\t\t\t\t\t\t\t<img fetchpriority=\"high\" decoding=\"async\" width=\"300\" height=\"300\" src=\"https:\/\/www.gsandr.pl\/wp-content\/uploads\/2022\/12\/3C20EADC-6BCB-4CC7-B45F-30B178256F11-300x300.png\" class=\"attachment-medium size-medium wp-image-1810\" alt=\"\" srcset=\"https:\/\/www.gsandr.pl\/wp-content\/uploads\/2022\/12\/3C20EADC-6BCB-4CC7-B45F-30B178256F11-300x300.png 300w, https:\/\/www.gsandr.pl\/wp-content\/uploads\/2022\/12\/3C20EADC-6BCB-4CC7-B45F-30B178256F11-100x100.png 100w, https:\/\/www.gsandr.pl\/wp-content\/uploads\/2022\/12\/3C20EADC-6BCB-4CC7-B45F-30B178256F11-150x150.png 150w, https:\/\/www.gsandr.pl\/wp-content\/uploads\/2022\/12\/3C20EADC-6BCB-4CC7-B45F-30B178256F11.png 500w\" sizes=\"(max-width: 300px) 100vw, 300px\" \/>\t\t\t\t\t\t\t\t\t\t\t\t\t\t\t<\/div>\n\t\t\t\t<\/div>\n\t\t\t\t\t<\/div>\n\t\t<\/div>\n\t\t\t\t<div class=\"elementor-column elementor-col-50 elementor-top-column elementor-element elementor-element-2f0e781b\" data-id=\"2f0e781b\" data-element_type=\"column\" data-e-type=\"column\">\n\t\t\t<div class=\"elementor-widget-wrap elementor-element-populated\">\n\t\t\t\t\t\t<div class=\"elementor-element elementor-element-105e5465 elementor-widget elementor-widget-heading\" data-id=\"105e5465\" data-element_type=\"widget\" data-e-type=\"widget\" data-widget_type=\"heading.default\">\n\t\t\t\t<div class=\"elementor-widget-container\">\n\t\t\t\t\t<h4 class=\"elementor-heading-title elementor-size-default\">STATUT<\/h4>\t\t\t\t<\/div>\n\t\t\t\t<\/div>\n\t\t\t\t<div class=\"elementor-element elementor-element-f5a2dbe elementor-widget elementor-widget-heading\" data-id=\"f5a2dbe\" data-element_type=\"widget\" data-e-type=\"widget\" data-widget_type=\"heading.default\">\n\t\t\t\t<div class=\"elementor-widget-container\">\n\t\t\t\t\t<h4 class=\"elementor-heading-title elementor-size-default\">Stowarzyszenia<\/h4>\t\t\t\t<\/div>\n\t\t\t\t<\/div>\n\t\t\t\t<div class=\"elementor-element elementor-element-39793d4 elementor-widget elementor-widget-heading\" data-id=\"39793d4\" data-element_type=\"widget\" data-e-type=\"widget\" data-widget_type=\"heading.default\">\n\t\t\t\t<div class=\"elementor-widget-container\">\n\t\t\t\t\t<h4 class=\"elementor-heading-title elementor-size-default\">Swimming &amp; Rescue<\/h4>\t\t\t\t<\/div>\n\t\t\t\t<\/div>\n\t\t\t\t\t<\/div>\n\t\t<\/div>\n\t\t\t\t\t<\/div>\n\t\t<\/section>\n\t\t\t\t<section class=\"elementor-section elementor-top-section elementor-element elementor-element-7b389e5 ops-section elementor-section-boxed elementor-section-height-default elementor-section-height-default\" data-id=\"7b389e5\" data-element_type=\"section\" data-e-type=\"section\" data-settings=\"{&quot;shape_divider_top&quot;:&quot;book&quot;,&quot;ekit_has_onepagescroll&quot;:&quot;section&quot;}\">\n\t\t\t\t\t<div class=\"elementor-shape elementor-shape-top\" aria-hidden=\"true\" data-negative=\"false\">\n\t\t\t<svg xmlns=\"http:\/\/www.w3.org\/2000\/svg\" viewBox=\"0 0 1000 100\" preserveAspectRatio=\"none\">\n\t<path class=\"elementor-shape-fill\" d=\"M194,99c186.7,0.7,305-78.3,306-97.2c1,18.9,119.3,97.9,306,97.2c114.3-0.3,194,0.3,194,0.3s0-91.7,0-100c0,0,0,0,0-0 L0,0v99.3C0,99.3,79.7,98.7,194,99z\"\/>\n<\/svg>\t\t<\/div>\n\t\t\t\t\t<div class=\"elementor-container elementor-column-gap-default\">\n\t\t\t\t\t<div class=\"elementor-column elementor-col-100 elementor-top-column elementor-element elementor-element-371dfae\" data-id=\"371dfae\" data-element_type=\"column\" data-e-type=\"column\">\n\t\t\t<div class=\"elementor-widget-wrap elementor-element-populated\">\n\t\t\t\t\t\t<div class=\"elementor-element elementor-element-6a0f155 elementor-widget elementor-widget-text-editor\" data-id=\"6a0f155\" data-element_type=\"widget\" data-e-type=\"widget\" data-widget_type=\"text-editor.default\">\n\t\t\t\t<div class=\"elementor-widget-container\">\n\t\t\t\t\t\t\t\t\t<p><b><br><\/b><\/p><p><b>ROZDZIA\u0141 I: POSTANOWIENIA OG\u00d3LNE<br><\/b>1. Stowarzyszenie nosi nazw\u0119: Swimming &amp; Rescue, w dalszych postanowieniach Statutu zwane Stowarzyszeniem.<br>2. Stowarzyszenie mo\u017ce dzia\u0142a\u0107 jako klub sportowy, w dyscyplinach: p\u0142ywanie, triathlon, ratownictwo wodne, surfing i pokrewnych.<br>3. Podstaw\u0105 dzia\u0142ania Stowarzyszenia jest niniejszy Statut (zwany dalej \u201eStatutem\u201d).<br>4. Terenem dzia\u0142ania Stowarzyszenia jest Rzeczypospolita Polska.<br>5. Dla realizacji cel\u00f3w statutowych Stowarzyszenie mo\u017ce dzia\u0142a\u0107 na terenie innych pa\u0144stw z poszanowaniem tamtejszego prawa.<br>6. Siedzib\u0105 w\u0142adz Stowarzyszenia jest miasto Warszawa.<br>7. Stowarzyszenie jest zawi\u0105zane na czas nieograniczony. Posiada osobowo\u015b\u0107 prawn\u0105. Dzia\u0142a na podstawie przepis\u00f3w ustawy z dnia 7 kwietnia 1989 r. Prawo o Stowarzyszeniach (Dz.U. z 2001, Nr 79, poz. 855 z p\u00f3\u017an. zm.) oraz niniejszego Statutu.<br>8. Stowarzyszenie mo\u017ce nale\u017ce\u0107 oraz wsp\u00f3\u0142pracowa\u0107 z innymi krajowymi i mi\u0119dzynarodowymi organizacjami o podobnych celach.<br>9. Stowarzyszenie opiera swoj\u0105 dzia\u0142alno\u015b\u0107 na pracy spo\u0142ecznej cz\u0142onk\u00f3w.<br>10. Do prowadzenia swych spraw stowarzyszenie mo\u017ce zatrudnia\u0107 pracownik\u00f3w, w tym swoich cz\u0142onk\u00f3w.<br>11. Stowarzyszenie mo\u017ce prowadzi\u0107 dzia\u0142alno\u015b\u0107 gospodarcz\u0105 wed\u0142ug og\u00f3lnych zasadach okre\u015blonych w odr\u0119bnych przepisach prawa.<br>12. Doch\u00f3d z dzia\u0142alno\u015bci gospodarczej Stowarzyszenia s\u0142u\u017cy realizacji cel\u00f3w statutowych i nie mo\u017ce by\u0107 przeznaczony do podzia\u0142u mi\u0119dzy jego cz\u0142onk\u00f3w.<\/p><p><br><b>ROZDZIA\u0141 II: CELE I \u015aRODKI DZIA\u0141ANIA<br><\/b>1. Celem Stowarzyszenia jest:<br>1.1. promowanie i edukacja aktywno\u015bci fizycznej;<br>1.2. prowadzenie dzia\u0142alno\u015bci sportowej w formie klubu sportowego \u2013 w sporcie: p\u0142ywanie, ratownictwo wodne, triathlon, surfing, pokrewnych;<br>1.3. promocja i edukacja w zakresie aktywnego i bezpiecznego wypoczynku na i przy akwenach;<br>1.4. rozwijanie innych ni\u017c okre\u015blone w pkt. 1.2. form kultury fizycznej.<br>2. Stowarzyszenie realizuje swoje cele poprzez:<br>2.1. prowadzenie zaj\u0119\u0107 nauki i doskonalenia p\u0142ywania, triathlonu, ratownictwa wodnego, surfingu i pokrewnych;<br>2.2. organizacj\u0119 szkole\u0144, oboz\u00f3w, warsztat\u00f3w, zawod\u00f3w sportowych w obszarze dzia\u0142ania Stowarzyszenia;<br>2.3. programowanie i prowadzenie profilaktycznej dzia\u0142alno\u015bci w zakresie bezpiecze\u0144stwa os\u00f3b w obszarze dzia\u0142ania Stowarzyszenia;<br>2.4. organizacj\u0119 i prowadzenie zaj\u0119\u0107 og\u00f3lnorozwojowych, specjalistycznych, ruchowych na l\u0105dzie i w wodzie;<br>2.5. organizacj\u0119 i prowadzenie zaj\u0119\u0107, szkole\u0144, oboz\u00f3w, warsztat\u00f3w, zawod\u00f3w sportowych i innych w obszarze dzia\u0142ania Stowarzyszenia dla os\u00f3b niepe\u0142nosprawnych.<br>2.6. organizacj\u0119 i prowadzenie wszelkich formy aktywno\u015bci fizycznej, kt\u00f3re przez uczestnictwo dora\u017ane lub zorganizowane wp\u0142ywaj\u0105 na wypracowanie lub poprawienie kondycji fizycznej i psychicznej, rozw\u00f3j stosunk\u00f3w spo\u0142ecznych i\/lub osi\u0105gni\u0119cie wynik\u00f3w sportowych na wszelkich poziomach;<br>2.7. wsp\u00f3\u0142dzia\u0142anie z organami samorz\u0105d\u00f3w terytorialnych oraz w\u0142adz pa\u0144stwowych w celu zapewnienia cz\u0142onkom Stowarzyszenia w\u0142a\u015bciwych warunk\u00f3w do uprawiania sportu i rekreacji;<br>2.8. zapewnienie cz\u0142onkom Stowarzyszenia mo\u017cliwo\u015bci uczestnictwa we wsp\u00f3\u0142zawodnictwie sportowym;<br>2.9. uczestnictwo w imprezach sportowych w obszarze dzia\u0142ania Stowarzyszenia.<\/p><p><br><b>ROZDZIA\u0141 III: CZ\u0141ONKOWIE \u2013 PRAWA I OBOWI\u0104ZKI<br><\/b>1. Cz\u0142onkami Stowarzyszenia mog\u0105 by\u0107 osoby fizyczne i prawne. Osoba prawna mo\u017ce by\u0107 jedynie cz\u0142onkiem wspieraj\u0105cym Stowarzyszenia.<br>2. Stowarzyszenie posiada cz\u0142onk\u00f3w: zwyczajnych, uczestnik\u00f3w, wspieraj\u0105cych.<br>3. Cz\u0142onkiem zwyczajnym Stowarzyszenia mo\u017ce by\u0107 ka\u017cda osoba fizyczna, przyj\u0119ta uchwa\u0142\u0105 Zarz\u0105du, na podstawie pisemnej deklaracji cz\u0142onkowskiej.<br>4. Cz\u0142onkiem uczestnikiem mo\u017ce by\u0107 osoba niepe\u0142noletnia \u2013 za pisemn\u0105 zgod\u0105 przedstawiciela ustawowego, na podstawie pisemnej deklaracji w trybie okre\u015blonym w pkt.3.<br>5. Cz\u0142onkiem wspieraj\u0105cym mo\u017ce zosta\u0107 osoba fizyczna i prawna uznaj\u0105ca i wspieraj\u0105ca materialnie, programowo i \/ lub merytorycznie realizacj\u0119 cel\u00f3w Stowarzyszenia.<br>6. Cz\u0142onkowie zwyczajni maj\u0105 prawo:<br>6.1. biernego i czynnego uczestniczenia w wyborach do w\u0142adz Stowarzyszenia;<br>6.2. uczestniczenia w przedsi\u0119wzi\u0119ciach Stowarzyszenia;<br>6.3. korzystania z innych uprawnie\u0144 wynikaj\u0105cych ze statutu, zawartych um\u00f3w i uchwa\u0142 w\u0142adz Stowarzyszenia;<br>6.4. zg\u0142aszania opinii, postulat\u00f3w i wniosk\u00f3w do w\u0142adz Stowarzyszenia w sprawach zwi\u0105zanych z jego dzia\u0142alno\u015bci\u0105.<br>7. Cz\u0142onkowie zwyczajni maj\u0105 obowi\u0105zek:<br>7.1. brania udzia\u0142u w dzia\u0142alno\u015bci Stowarzyszenia i realizacji jego cel\u00f3w;<br>7.2. przestrzegania statutu i uchwa\u0142 w\u0142adz Stowarzyszenia;<br>7.3. regularnego op\u0142acania sk\u0142adek.<br>8. Cz\u0142onkowie uczestnicy i wspieraj\u0105cy nie posiadaj\u0105 biernego oraz czynnego prawa wyborczego, mog\u0105 jednak bra\u0107 udzia\u0142 z g\u0142osem doradczym w statutowych w\u0142adzach Stowarzyszenia, poza tym posiadaj\u0105 takie prawa jak cz\u0142onkowie zwyczajni.<br>9. Cz\u0142onek wspieraj\u0105cy ma obowi\u0105zek wywi\u0105zywania si\u0119 z zadeklarowanych \u015bwiadcze\u0144, przestrzegania statutu, umowy o wsp\u00f3\u0142pracy oraz uchwa\u0142 w\u0142adz Stowarzyszenia.<br>10. Cz\u0142onek wspieraj\u0105cy jest reprezentowany na Zgromadzeniu Cz\u0142onk\u00f3w przez pisemnie wskazanego pe\u0142nomocnika.<br>11. Cz\u0142onkowie wspieraj\u0105cy zwolnieni ze sk\u0142adek cz\u0142onkowskich, chyba \u017ce umowa wsp\u00f3\u0142pracy i\/lub uchwa\u0142a Zarz\u0105du stanowi inaczej.<br>12. Utrata cz\u0142onkostwa nast\u0119puje na skutek:<br>12.1. pisemnej rezygnacji z\u0142o\u017conej na r\u0119ce Zarz\u0105du;<br>12.2. wykluczenia przez Zarz\u0105d:<br>12.2.1. z powodu \u0142amania statutu i nieprzestrzegania uchwa\u0142 w\u0142adz Stowarzyszenia,<br>12.2.2. z powodu notorycznego nie brania udzia\u0142u w pracach Stowarzyszenia,<br>12.2.3. z powodu nie p\u0142acenia sk\u0142adek za okres p\u00f3\u0142 roku,<br>12.2.4. na pisemny wniosek dziesi\u0119ciu cz\u0142onk\u00f3w Stowarzyszenia,<br>12.2.5. utraty praw obywatelskich na mocy prawomocnego wyroku s\u0105du,<br>12.2.6. \u015bmierci cz\u0142onka oraz utraty osobowo\u015bci prawnej przez osoby prawne.<br>13. Od uchwa\u0142y Zarz\u0105du w sprawie przyj\u0119cia w poczet cz\u0142onk\u00f3w Stowarzyszenia lub pozbawienia cz\u0142onkostwa zainteresowanemu przys\u0142uguje odwo\u0142anie do Zarz\u0105du i\/lub Zgromadzenia Cz\u0142onk\u00f3w. Uchwa\u0142a Zgromadzenia Cz\u0142onk\u00f3w jest ostateczna.<\/p><p><br><b>ROZDZIA\u0141 IV: W\u0141ADZE STOWARZYSZENIA<br><\/b>1. W\u0142adzami Stowarzyszenia s\u0105:<br>1.1. Zgromadzenie Cz\u0142onk\u00f3w;<br>1.2. Zarz\u0105d;<br>1.3. Komisja Rewizyjna.<br>2. Kadencja wszystkich w\u0142adz wybieralnych stowarzyszenia trwa 5 lat (s\u0142ownie: pi\u0119\u0107 lat), a ich wyb\u00f3r odbywa si\u0119 w g\u0142osowaniu jawnym bezwzgl\u0119dn\u0105 wi\u0119kszo\u015bci\u0105 g\u0142os\u00f3w.<br>3. Uchwa\u0142y wszystkich w\u0142adz Stowarzyszenia zapadaj\u0105 zwyk\u0142\u0105 wi\u0119kszo\u015bci\u0105 g\u0142os\u00f3w.<br>4. Je\u017celi statut nie stanowi inaczej, walne zebranie jest wa\u017cne bez wzgl\u0119du na liczb\u0119 reprezentowanych na nim cz\u0142onk\u00f3w.<br>5. Zgromadzenie Cz\u0142onk\u00f3w jest najwy\u017csz\u0105 w\u0142adz\u0105 Stowarzyszenia. W Zgromadzeniu Cz\u0142onk\u00f3w bior\u0105 udzia\u0142:<br>5.1. z g\u0142osem stanowi\u0105cym \u2013 cz\u0142onkowie zwyczajni;<br>5.2. z g\u0142osem doradczym \u2013 cz\u0142onkowie wspieraj\u0105cy, uczestnicy oraz zaproszeni go\u015bcie.<br>6. Zgromadzenie Cz\u0142onk\u00f3w mo\u017ce by\u0107 zwyczajne i nadzwyczajne.<br>7. Zgromadzenie Cz\u0142onk\u00f3w zwyczajne jest zwo\u0142ywane raz na dwa lata przez Zarz\u0105d Stowarzyszenia. Termin i miejsce obrad Zarz\u0105d podaje do wiadomo\u015bci wszystkich cz\u0142onk\u00f3w co najmniej na 7 dni przed terminem zebrania.<br>8. Zgromadzenie Cz\u0142onk\u00f3w nadzwyczajne mo\u017ce si\u0119 odby\u0107 w ka\u017cdym czasie. Jest zwo\u0142ywane przez Zarz\u0105d z jego inicjatywy, na wniosek Komisji Rewizyjnej lub pisemny wniosek co najmniej 3\/4 og\u00f3lnej liczby cz\u0142onk\u00f3w zwyczajnych Stowarzyszenia.<br>9. Uchwa\u0142y Zgromadzenia Cz\u0142onk\u00f3w zapadaj\u0105 zwyk\u0142\u0105 wi\u0119kszo\u015bci\u0105 g\u0142os\u00f3w w obecno\u015bci zebranej liczby cz\u0142onk\u00f3w \u2013 w tym Prezesa Zarz\u0105du. G\u0142osowanie jest jawne.<br>10. Do kompetencji Zgromadzenia Cz\u0142onk\u00f3w nale\u017c\u0105:<br>10.1. okre\u015blenie g\u0142\u00f3wnych kierunk\u00f3w dzia\u0142ania i rozwoju Stowarzyszenia;<br>10.2. uchwalania zmian statutu;<br>10.3. wyb\u00f3r i odwo\u0142ywanie wszystkich w\u0142adz Stowarzyszenia;<br>10.4. udzielanie Zarz\u0105dowi absolutorium na wniosek Komisji Rewizyjnej;<br>10.5. rozpatrywanie sprawozda\u0144 z dzia\u0142alno\u015bci Zarz\u0105du i Komisji Rewizyjnej;<br>10.6. uchwalanie bud\u017cetu Stowarzyszenia;<br>10.7. uchwalanie wysoko\u015bci sk\u0142adek cz\u0142onkowskich oraz wszystkich innych \u015bwiadcze\u0144 na rzecz Stowarzyszenia;<br>10.8. rozpatrywanie i zatwierdzanie sprawozda\u0144 w\u0142adz Stowarzyszenia;<br>10.9. rozpatrywanie wniosk\u00f3w i postulat\u00f3w zg\u0142oszonych przez cz\u0142onk\u00f3w Stowarzyszenia lub jego w\u0142adze;<br>10.10. rozpatrywanie odwo\u0142a\u0144 od uchwa\u0142 Zarz\u0105du;<br>10.11. podejmowanie uchwa\u0142y o rozwi\u0105zaniu Stowarzyszenia i przeznaczeniu jego maj\u0105tku;<br>10.12. podejmowanie uchwa\u0142 w ka\u017cdej sprawie wniesionej pod obrady, we wszystkich sprawach nie zastrze\u017conych do kompetencji innych w\u0142adz stowarzyszenia.<br>11. Zarz\u0105d jest powo\u0142any do kierowania ca\u0142\u0105 dzia\u0142alno\u015bci\u0105 Stowarzyszenia zgodnie z uchwa\u0142ami Zgromadzenia Cz\u0142onk\u00f3w, reprezentuje Stowarzyszenia na zewn\u0105trz.<br>12. Zarz\u0105d sk\u0142ada si\u0119 z 3 do 5 os\u00f3b w tym Prezesa oraz dw\u00f3ch Wiceprezes\u00f3w. Prezesa i Wiceprezes\u00f3w wybiera Zarz\u0105d spo\u015br\u00f3d swoich cz\u0142onk\u00f3w.<br>13. Posiedzenia Zarz\u0105du odbywaj\u0105 si\u0119 w miar\u0119 potrzeb, nie rzadziej jednak ni\u017c raz na 6 miesi\u0119cy. Posiedzenia Zarz\u0105du zwo\u0142uje Prezes.<br>14. Do kompetencji Zarz\u0105du nale\u017c\u0105:<br>14.1.1. realizacja cel\u00f3w Stowarzyszenia;<br>14.1.2. wykonywanie uchwa\u0142 Zgromadzenia Cz\u0142onk\u00f3w;<br>14.1.3. sporz\u0105dzanie plan\u00f3w pracy i bud\u017cetu;<br>14.1.4. sprawowanie zarz\u0105du nad maj\u0105tkiem Stowarzyszenia;<br>14.1.5. podejmowanie uchwa\u0142 o nabywaniu, zbywaniu lub obci\u0105\u017caniu maj\u0105tku Stowarzyszenia;<br>14.1.6. reprezentowanie Stowarzyszenia na zewn\u0105trz;<br>14.1.7. zwo\u0142ywanie Zgromadzenia Cz\u0142onk\u00f3w;<br>14.1.8. przyjmowanie i skre\u015blanie cz\u0142onk\u00f3w;<br>14.1.9. sk\u0142ada wniosk\u00f3w o zmiany w Krajowym Rejestrze S\u0105dowym.<br>15. W umowie mi\u0119dzy Stowarzyszeniem a cz\u0142onkiem zarz\u0105du, jak r\u00f3wnie\u017c w sporze z nim, Stowarzyszenie reprezentuje cz\u0142onek Komisji Rewizyjnej wskazany w uchwale tego organu albo pe\u0142nomocnik powo\u0142any uchwa\u0142\u0105 Zgromadzenia Cz\u0142onk\u00f3w.<br>16. Komisja Rewizyjna powo\u0142ywana jest do sprawowania kontroli nad dzia\u0142alno\u015bci\u0105 Stowarzyszenia.<br>17. Komisja Rewizyjna sk\u0142ada si\u0119 z 3 do 5 os\u00f3b w tym Przewodnicz\u0105cego, Zast\u0119pcy oraz Sekretarza.<br>18. Do kompetencji Komisji Rewizyjnej nale\u017cy:<br>18.1. kontrolowanie dzia\u0142alno\u015bci Zarz\u0105du;<br>18.2. sk\u0142adanie wniosk\u00f3w z kontroli na Zgromadzeniu Cz\u0142onk\u00f3w;<br>18.3. prawo wyst\u0105pienia z wnioskiem o zwo\u0142anie Zgromadzenia Cz\u0142onk\u00f3w oraz zebrania Zarz\u0105du;<br>18.4. sk\u0142adanie wniosk\u00f3w o absolutorium dla w\u0142adz Stowarzyszenia;<br>18.5. sk\u0142adanie sprawozda\u0144 ze swojej dzia\u0142alno\u015bci na Zgromadzeniu Cz\u0142onk\u00f3w.<br>19. W razie gdy sk\u0142ad w\u0142adz Stowarzyszenia ulegnie zmniejszeniu w czasie trwania kadencji uzupe\u0142nienie ich sk\u0142adu mo\u017ce nast\u0105pi\u0107 w drodze kooptacji, kt\u00f3rej dokonuj\u0105 pozostali cz\u0142onkowie organu, kt\u00f3ry uleg\u0142 zmniejszeniu. W tym trybie mo\u017cna powo\u0142a\u0107 nie wi\u0119cej ni\u017c po\u0142ow\u0119 sk\u0142adu organu.<\/p><p><br><b>ROZDZIA\u0141 V: MAJ\u0104TEK I FUNDUSZE<br><\/b>1. Maj\u0105tkiem i funduszami Stowarzyszenia gospodaruje Zarz\u0105d.<br>2. Maj\u0105tek Stowarzyszenia stanowi\u0105 \u015brodki pieni\u0119\u017cne i inne sk\u0142adniki maj\u0105tkowe.<br>3. Maj\u0105tek Stowarzyszenia powstaje:<br>3.1. ze sk\u0142adek cz\u0142onkowskich, op\u0142at wpisowych;<br>3.2. z wp\u0142yw\u00f3w z roszcze\u0144 odszkodowawczych, zado\u015b\u0107uczynienia;<br>3.3. z dochodu z maj\u0105tku;<br>3.4. z dotacji, subwencji, dofinansowa\u0144, nawi\u0105zek, darowizn, zapis\u00f3w i spadk\u00f3w;<br>3.5. z dochod\u00f3w z ofiarno\u015bci publicznej;<br>3.6. z prowadzonej dzia\u0142alno\u015bci statutowej i gospodarczej.<br>4. Stowarzyszenie prowadzi gospodark\u0119 finansow\u0105 zgodnie z obowi\u0105zuj\u0105cymi przepisami.<br>5. Decyzje w sprawie nabywania, zbywania i obci\u0105\u017cania maj\u0105tku Stowarzyszenia podejmuje Zarz\u0105d.<br>6. Do zawierania um\u00f3w, udzielania pe\u0142nomocnictwa i sk\u0142adania innych o\u015bwiadcze\u0144 woli w szczeg\u00f3lno\u015bci w sprawach maj\u0105tkowych wymagane s\u0105 podpisy dw\u00f3ch cz\u0142onk\u00f3w Zarz\u0105du dzia\u0142aj\u0105cych \u0142\u0105cznie (w tym prezesa).<\/p><p><br><b>ROZDZIA\u0141 VI: LIKWIDACJA STOWARZYSZENIA<br><\/b>1. Podejmuj\u0105c uchwa\u0142\u0119 o rozwi\u0105zaniu Stowarzyszenia, Zgromadzenie Cz\u0142onk\u00f3w okre\u015bla spos\u00f3b jego likwidacji oraz przeznaczenie maj\u0105tku Stowarzyszenia.<br>2. W razie rozwi\u0105zania si\u0119 Stowarzyszenia na podstawie w\u0142asnej uchwa\u0142y, likwidatorami stowarzyszenia s\u0105 cz\u0142onkowie jego Zarz\u0105du &#8211; je\u017celi uchwa\u0142a Zgromadzenia Cz\u0142onk\u00f3w nie stanowi inaczej.<br>3. Maj\u0105tek Stowarzyszenia przeznacza si\u0119 na cel okre\u015blony w uchwale walnego zebrania o likwidacji Stowarzyszenia. W razie braku postanowienia uchwa\u0142y w tej sprawie, w\u0142a\u015bciwy s\u0105d orzeka o przeznaczeniu maj\u0105tku na okre\u015blony cel spo\u0142eczny.<br>4. Koszty likwidacji pokrywa si\u0119 z maj\u0105tku Stowarzyszenia.<\/p><p><br><b>RODZIA\u0141 VII: POSTANOWIENIA KO\u0143COWE<br><\/b>1. Pisma i zam\u00f3wienia sk\u0142adane przez Stowarzyszenie w formie papierowej i elektronicznej, a tak\u017ce informacje na stronach internetowych Stowarzyszenia, powinny zawiera\u0107:<br>1.1. nazw\u0119 Stowarzyszenia, jego siedzib\u0119 i adres;<br>1.2. oznaczenie s\u0105du rejestrowego, w kt\u00f3rym przechowywana jest dokumentacja Stowarzyszenia oraz numer pod kt\u00f3rym Stowarzyszenie jest wpisane do rejestru;<br>1.3. numer identyfikacji podatkowej (NIP).<br>2. W sprawach nie uregulowanych w niniejszym Statucie zastosowanie maj\u0105 przepisy ustawy Prawo o Stowarzyszeniach.<\/p>\t\t\t\t\t\t\t\t<\/div>\n\t\t\t\t<\/div>\n\t\t\t\t\t<\/div>\n\t\t<\/div>\n\t\t\t\t\t<\/div>\n\t\t<\/section>\n\t\t\t\t<\/div>\n\t\t","protected":false},"excerpt":{"rendered":"<p>STATUT Stowarzyszenia Swimming &amp; Rescue ROZDZIA\u0141 I: POSTANOWIENIA OG\u00d3LNE1. Stowarzyszenie nosi nazw\u0119: Swimming &amp; Rescue, w dalszych postanowieniach Statutu zwane Stowarzyszeniem.2. Stowarzyszenie mo\u017ce dzia\u0142a\u0107 jako klub sportowy, w dyscyplinach: p\u0142ywanie, triathlon, ratownictwo wodne, surfing i pokrewnych.3. Podstaw\u0105 dzia\u0142ania Stowarzyszenia jest niniejszy Statut (zwany dalej \u201eStatutem\u201d).4. Terenem dzia\u0142ania Stowarzyszenia jest Rzeczypospolita Polska.5. Dla realizacji cel\u00f3w statutowych&hellip;<\/p>\n","protected":false},"author":1,"featured_media":0,"parent":0,"menu_order":0,"comment_status":"closed","ping_status":"closed","template":"","meta":{"om_disable_all_campaigns":false,"_monsterinsights_skip_tracking":false,"_monsterinsights_sitenote_active":false,"_monsterinsights_sitenote_note":"","_monsterinsights_sitenote_category":0,"postBodyCss":"","postBodyMargin":[],"postBodyPadding":[],"postBodyBackground":{"backgroundType":"classic","gradient":""},"footnotes":""},"class_list":["post-1808","page","type-page","status-publish","hentry"],"aioseo_notices":[],"_links":{"self":[{"href":"https:\/\/www.gsandr.pl\/index.php\/wp-json\/wp\/v2\/pages\/1808","targetHints":{"allow":["GET"]}}],"collection":[{"href":"https:\/\/www.gsandr.pl\/index.php\/wp-json\/wp\/v2\/pages"}],"about":[{"href":"https:\/\/www.gsandr.pl\/index.php\/wp-json\/wp\/v2\/types\/page"}],"author":[{"embeddable":true,"href":"https:\/\/www.gsandr.pl\/index.php\/wp-json\/wp\/v2\/users\/1"}],"replies":[{"embeddable":true,"href":"https:\/\/www.gsandr.pl\/index.php\/wp-json\/wp\/v2\/comments?post=1808"}],"version-history":[{"count":4,"href":"https:\/\/www.gsandr.pl\/index.php\/wp-json\/wp\/v2\/pages\/1808\/revisions"}],"predecessor-version":[{"id":1820,"href":"https:\/\/www.gsandr.pl\/index.php\/wp-json\/wp\/v2\/pages\/1808\/revisions\/1820"}],"wp:attachment":[{"href":"https:\/\/www.gsandr.pl\/index.php\/wp-json\/wp\/v2\/media?parent=1808"}],"curies":[{"name":"wp","href":"https:\/\/api.w.org\/{rel}","templated":true}]}}