{"id":1428,"date":"2022-12-02T00:03:45","date_gmt":"2022-12-02T00:03:45","guid":{"rendered":"http:\/\/www.gsandr.pl\/?page_id=1428"},"modified":"2023-01-04T12:06:46","modified_gmt":"2023-01-04T12:06:46","slug":"regulamin-zajec-plywania","status":"publish","type":"page","link":"https:\/\/www.gsandr.pl\/index.php\/regulamin-zajec-plywania\/","title":{"rendered":"Regulamin zaj\u0119\u0107 p\u0142ywania"},"content":{"rendered":"\t\t<div data-elementor-type=\"wp-page\" data-elementor-id=\"1428\" class=\"elementor elementor-1428\">\n\t\t\t\t\t\t<section class=\"elementor-section elementor-top-section elementor-element elementor-element-35a22328 elementor-section-content-middle elementor-section-boxed elementor-section-height-default elementor-section-height-default\" data-id=\"35a22328\" data-element_type=\"section\" data-e-type=\"section\" data-settings=\"{&quot;background_background&quot;:&quot;classic&quot;}\">\n\t\t\t\t\t\t<div class=\"elementor-container elementor-column-gap-no\">\n\t\t\t\t\t<div class=\"elementor-column elementor-col-50 elementor-top-column elementor-element elementor-element-435afbbe\" data-id=\"435afbbe\" data-element_type=\"column\" data-e-type=\"column\">\n\t\t\t<div class=\"elementor-widget-wrap elementor-element-populated\">\n\t\t\t\t\t\t<div class=\"elementor-element elementor-element-6300da55 elementor-widget elementor-widget-heading\" data-id=\"6300da55\" data-element_type=\"widget\" data-e-type=\"widget\" data-widget_type=\"heading.default\">\n\t\t\t\t<div class=\"elementor-widget-container\">\n\t\t\t\t\t<h4 class=\"elementor-heading-title elementor-size-default\">Regulamin zaj\u0119\u0107 p\u0142ywania i sportowego ratownictwa wodnego<\/h4>\t\t\t\t<\/div>\n\t\t\t\t<\/div>\n\t\t\t\t\t<\/div>\n\t\t<\/div>\n\t\t\t\t<div class=\"elementor-column elementor-col-50 elementor-top-column elementor-element elementor-element-1dbfd9a3\" data-id=\"1dbfd9a3\" data-element_type=\"column\" data-e-type=\"column\">\n\t\t\t<div class=\"elementor-widget-wrap elementor-element-populated\">\n\t\t\t\t\t\t<div class=\"elementor-element elementor-element-4b226bc elementor-view-default elementor-widget elementor-widget-icon\" data-id=\"4b226bc\" data-element_type=\"widget\" data-e-type=\"widget\" data-widget_type=\"icon.default\">\n\t\t\t\t<div class=\"elementor-widget-container\">\n\t\t\t\t\t\t\t<div class=\"elementor-icon-wrapper\">\n\t\t\t<div class=\"elementor-icon\">\n\t\t\t<i aria-hidden=\"true\" class=\"fas fa-swimmer\"><\/i>\t\t\t<\/div>\n\t\t<\/div>\n\t\t\t\t\t\t<\/div>\n\t\t\t\t<\/div>\n\t\t\t\t\t<\/div>\n\t\t<\/div>\n\t\t\t\t\t<\/div>\n\t\t<\/section>\n\t\t\t\t<section class=\"elementor-section elementor-top-section elementor-element elementor-element-341b6843 elementor-section-height-min-height elementor-section-content-middle elementor-section-boxed elementor-section-height-default elementor-section-items-middle\" data-id=\"341b6843\" data-element_type=\"section\" data-e-type=\"section\" data-settings=\"{&quot;background_background&quot;:&quot;classic&quot;,&quot;shape_divider_top&quot;:&quot;arrow&quot;}\">\n\t\t\t\t\t<div class=\"elementor-shape elementor-shape-top\" aria-hidden=\"true\" data-negative=\"false\">\n\t\t\t<svg xmlns=\"http:\/\/www.w3.org\/2000\/svg\" viewBox=\"0 0 700 10\" preserveAspectRatio=\"none\">\n\t<path class=\"elementor-shape-fill\" d=\"M350,10L340,0h20L350,10z\"\/>\n<\/svg>\t\t<\/div>\n\t\t\t\t\t<div class=\"elementor-container elementor-column-gap-no\">\n\t\t\t\t\t<div class=\"elementor-column elementor-col-100 elementor-top-column elementor-element elementor-element-572791c8\" data-id=\"572791c8\" data-element_type=\"column\" data-e-type=\"column\">\n\t\t\t<div class=\"elementor-widget-wrap elementor-element-populated\">\n\t\t\t\t\t\t<div class=\"elementor-element elementor-element-1c226092 elementor-widget elementor-widget-text-editor\" data-id=\"1c226092\" data-element_type=\"widget\" data-e-type=\"widget\" data-widget_type=\"text-editor.default\">\n\t\t\t\t<div class=\"elementor-widget-container\">\n\t\t\t\t\t\t\t\t\t<p>GARMIN SWIMMING &amp; RESCUE<\/p>\t\t\t\t\t\t\t\t<\/div>\n\t\t\t\t<\/div>\n\t\t\t\t\t<\/div>\n\t\t<\/div>\n\t\t\t\t\t<\/div>\n\t\t<\/section>\n\t\t\t\t<section class=\"elementor-section elementor-top-section elementor-element elementor-element-fca5112 elementor-section-boxed elementor-section-height-default elementor-section-height-default\" data-id=\"fca5112\" data-element_type=\"section\" data-e-type=\"section\">\n\t\t\t\t\t\t<div class=\"elementor-container elementor-column-gap-default\">\n\t\t\t\t\t<div class=\"elementor-column elementor-col-100 elementor-top-column elementor-element elementor-element-eca04db\" data-id=\"eca04db\" data-element_type=\"column\" data-e-type=\"column\">\n\t\t\t<div class=\"elementor-widget-wrap elementor-element-populated\">\n\t\t\t\t\t\t<div class=\"elementor-element elementor-element-b4484bf elementor-widget elementor-widget-text-editor\" data-id=\"b4484bf\" data-element_type=\"widget\" data-e-type=\"widget\" data-widget_type=\"text-editor.default\">\n\t\t\t\t<div class=\"elementor-widget-container\">\n\t\t\t\t\t\t\t\t\t<h3>1. POSTANOWIENIA OG\u00d3LNE&nbsp;<\/h3>\n<p>1.1 Stowarzyszenie Swimming &amp;&nbsp; Rescue z siedzib\u0105 przy ulicy Jaworzy\u0144\u015bkiej 11\/10, 00-634, Warszawa, NIP: 7011121320, KRS: 0001007907,&nbsp;&nbsp;jest organizatorem zaj\u0119\u0107 sportowych oraz edukacyjnych.<\/p>\n<p>1.2 Zaj\u0119cia odbywaj\u0105 si\u0119 w grupach maksymalnie 2-10 osobowych lub w formie zaj\u0119\u0107 indywidualnych.<\/p>\n<p>1.3 Wype\u0142nienie formularza zg\u0142oszeniowego wyra\u017ca jednocze\u015bnie ch\u0119\u0107 i pro\u015bb\u0119 o przyj\u0119cie dziecka do Stowarzyszenia Swimming &amp; Rescue i zobowi\u0105zuje uczestnika oraz opiekun\u00f3w do przestrzegania regulaminu Garmin Swimming &amp; Rescue oraz regulaminu p\u0142ywalni na kt\u00f3rej odbywaj\u0105 si\u0119 zaj\u0119cia.<\/p>\n<p>1.4 Zapisanie uczestnika na zaj\u0119cia jest r\u00f3wnoznaczne z akceptacj\u0105 regulaminu.<\/p>\n<p><br><\/p>\n<h3>2. ZAPISY I REZERWACJA MIEJSCA.<\/h3>\n<p>2.1 Zapisu na zaj\u0119cia dokonuje osoba doros\u0142a, w przypadku lekcji p\u0142ywania dla dzieci jest to rodzic lub opiekun prawny.<\/p>\n<p>2.2 Rodzice lub opiekunowie deklaruj\u0105, \u017ce ich dzieci uczestnicz\u0105ce w zaj\u0119ciach s\u0105 zdrowe i nie posiadaj\u0105 \u017cadnych przeciwwskaza\u0144 do p\u0142ywania i przebywania w wodzie.<\/p>\n<p>2.3 Zapisy na lekcje p\u0142ywania odbywaj\u0105 si\u0119 drog\u0105 telefoniczn\u0105 lub elektroniczn\u0105, a finalizacj\u0105 zapis\u00f3w jest potwierdzenie za po\u015brednictwem poczty email.<\/p>\n<p><br><\/p>\n<h3>3. P\u0141ATNO\u015aCI&nbsp;<\/h3>\n<p>3.1 Uczestnictwo w zaj\u0119ciach jest mo\u017cliwe po dokonaniu w\u0142a\u015bciwej op\u0142aty zgodnej z wybran\u0105 us\u0142ug\u0105.<\/p>\n<p>3.2 Op\u0142at\u0119 nale\u017cy ui\u015bci\u0107 przelewem na numer konta podany w trakcie zapis\u00f3w.<\/p>\n<p>3.3. Zaleganie z op\u0142at\u0105 mo\u017ce skutkowa\u0107 usuni\u0119ciem uczestnika z listy cz\u0142onk\u00f3w.<\/p>\n<p><br><\/p>\n<h3>4. REZYGNACJA<\/h3>\n<p>4.1 Uczestnikowi lub jego opiekunowi prawnemu, kt\u00f3ry w jego imieniu wst\u0105pi\u0142 do Stowarzyszenia, przys\u0142uguje prawo do wyst\u0105pienia ze Stowarzyszenia z zachowaniem okresu 14 dni na powiadomienia, kt\u00f3re musi by\u0107 w formie pisemnej (mailowej).<\/p>\n<h4><strong>\u200d<\/strong><\/h4>\n<h4><strong style=\"color: inherit; font-family: inherit; font-size: 24px; letter-spacing: -0.02em;\">5.LEKCJE P\u0141YWANIA<\/strong><\/h4>\n<h4><strong>\u200d<\/strong><\/h4>\n<h4>Zaj\u0119cia indywidualne dla dzieci i doros\u0142ych<\/h4>\n<h4><strong>\u200d<\/strong><\/h4>\n<ol role=\"list\">\n<li>Op\u0142ata i udzia\u0142 w zaj\u0119ciach indywidualnych jest r\u00f3wnoznaczna z akceptacj\u0105 regulaminu Garmin Swimming &amp; Rescue, kt\u00f3ry znajduje si\u0119 poni\u017cej.&nbsp;<\/li>\n<li>Zaj\u0119cia indywidualne licz\u0105 maksymalnie dwie osoby. O po\u0142\u0105czeniu w grup\u0119 dwuosobow\u0105 decyduj\u0105 uczestnicy, maj\u0105c \u015bwiadomo\u015b\u0107 zasad dotycz\u0105cych nieobecno\u015bci na zaj\u0119ciach. Zasady te opisane s\u0105 w pkt 8 i 9.<\/li>\n<li>Pierwsze zaj\u0119cia nie s\u0105 zobowi\u0105zuj\u0105ce, co oznacza, \u017ce uczestnik mo\u017ce po jednej lekcji zrezygnowa\u0107 z kontynuowania p\u0142ywania z Nami. Op\u0142ata za jednorazowe zaj\u0119cia jest r\u00f3wna op\u0142acie za jedn\u0105 godzin\u0119 udzia\u0142u w zaj\u0119ciach indywidualnych.&nbsp;<\/li>\n<li>Po zadeklarowaniu ch\u0119ci uczestnictwa w zaj\u0119ciach p\u0142ywania, uczestnik zapisany jest na pakiet czterech zaj\u0119\u0107, a op\u0142aty za zaj\u0119cia dokonuje w trybie tygodniowym \/ dwutygodniowym \/ miesi\u0119cznym.<\/li>\n<li>W cenie zaj\u0119\u0107 nie ma op\u0142aty za wej\u015bcie na p\u0142ywalni\u0119.&nbsp;<\/li>\n<li>W przypadku rezygnacji z zaj\u0119\u0107 indywidualnych, zastrzegamy sobie prawo do zmiany op\u0142aty za zaj\u0119cia, gdy z grupy dwuosobowej zrezygnuje jeden uczestnik, w celu kontynuowania zaj\u0119\u0107 indywidualnych. W przypadku rezygnacji z zaj\u0119\u0107 przed ko\u0144cem pakietu, uczestnik zobowi\u0105zany jest powiadomi\u0107 stowarzyszenie o swojej decyzji poprzez wys\u0142anie maila na&nbsp;<b>biuro@gsandr.pl&nbsp;<\/b>na koniec danego miesi\u0105ca.<\/li>\n<li>W przypadku nieobecno\u015bci na zaj\u0119ciach indywidualnych, nale\u017cy j\u0105 zg\u0142osi\u0107 najp\u00f3\u017aniej na 12 godziny przed planowan\u0105 lekcj\u0105. W sytuacji braku odwo\u0142ania zaj\u0119\u0107 w podanych wy\u017cej ramach czasowych, zaj\u0119cia traktowane s\u0105 jako odbyte.&nbsp;<\/li>\n<li>W przypadku nieobecno\u015bci jednego z uczestnik\u00f3w na zaj\u0119ciach dwuosobowych, pobierana jest op\u0142ata za normaln\u0105 lekcj\u0119 od obydwu uczestnik\u00f3w.&nbsp;<\/li>\n<li>W przypadku, gdy jeden z uczestnik\u00f3w zaj\u0119\u0107 dwuosobowych zg\u0142osi nieobecno\u015b\u0107 z wyprzedzeniem na 24 godziny przed planowan\u0105 lekcj\u0105 oraz za zgod\u0105 drugiego uczestnika zaj\u0119\u0107, mo\u017cemy odwo\u0142a\u0107 lekcj\u0119 bez \u017cadnej op\u0142aty. W takiej sytuacji w danym tygodniu zaj\u0119cia si\u0119 nie odbywaj\u0105, a op\u0142ata miesi\u0119czna jest zmniejszona o kwot\u0119 jednej jednostki treningowej.&nbsp;<\/li>\n<\/ol>\n<h4><strong>\u200d<\/strong><\/h4>\n<p><b>Zaj\u0119cia grupowe dla dzieci i doros\u0142ych<\/b><\/p>\n<h4><strong>\u200d<\/strong><\/h4>\n<ol role=\"list\">\n<li>Op\u0142ata i udzia\u0142 w zaj\u0119ciach grupowych jest r\u00f3wnoznaczna z akceptacj\u0105 regulaminu Garmin Swimming &amp; Rescue, kt\u00f3ry znajduje si\u0119 poni\u017cej.&nbsp;<\/li>\n<li>Zaj\u0119cia grupowe licz\u0105 minimum 2 i maksimum 10 uczestnik\u00f3w. O do\u0142\u0105czeniu do grupy decyduje instruktor prowadz\u0105cy zaj\u0119cia na podstawie poziomu umiej\u0119tno\u015bci uczestnik\u00f3w. Jednocze\u015bnie mo\u017cna samemu stworzy\u0107 grup\u0119 maj\u0105c na uwadze, aby poziom zaawansowania uczestnik\u00f3w by\u0142 na zbli\u017conym poziomie.<\/li>\n<li>Pierwsze zaj\u0119cia nie s\u0105 zobowi\u0105zuj\u0105ce, co oznacza, \u017ce uczestnik mo\u017ce po jednej lekcji zrezygnowa\u0107 z kontynuowania p\u0142ywania z Nami. Op\u0142ata za jednorazowe zaj\u0119cia jest r\u00f3wna op\u0142acie za jedn\u0105 godzin\u0119 udzia\u0142u w zaj\u0119ciach grupowych.&nbsp;<\/li>\n<li>Po zadeklarowaniu ch\u0119ci p\u0142ywania w danej grupie, uczestnik zapisany jest na trymestr, a op\u0142aty za zaj\u0119cia dokonuje co miesi\u0105c na wskazane konto bankowe. Op\u0142aty miesi\u0119czne s\u0105 uzale\u017cnione od ilo\u015bci dni zaj\u0119\u0107 w danym miesi\u0105cu.&nbsp;<\/li>\n<li>W cenie zaj\u0119\u0107 nie ma op\u0142aty za wej\u015bcie na p\u0142ywalni\u0119.<\/li>\n<li>W przypadku rezygnacji z zaj\u0119\u0107 grupowych przed ko\u0144cem trymestru, uczestnik zobowi\u0105zany jest powiadomi\u0107 stowarzyszenie o swojej decyzji poprzez wys\u0142anie maila na&nbsp;<b>biuro@gsandr.pl<\/b> na koniec danego miesi\u0105ca.<\/li>\n<li>W przypadku nieobecno\u015bci, nale\u017cy j\u0105 zg\u0142osi\u0107 najp\u00f3\u017aniej na 12 godzin przed planowan\u0105 lekcj\u0105. Nieobecno\u015b\u0107 na zaj\u0119ciach mo\u017cna odrobi\u0107 podczas zaj\u0119\u0107 innych grup, na kt\u00f3rych poziom zaawansowania jest podobny. W przypadku braku ch\u0119ci na odrabianie zaleg\u0142ych zaj\u0119\u0107, traktujemy je jako odbyte. Odrabianie zaj\u0119\u0107 jest mo\u017cliwe tylko w ci\u0105gu trwania tego samego trymestru\/pakietu zaj\u0119\u0107.<\/li>\n<li>W przypadku braku odwo\u0142ania zaj\u0119\u0107 w podanych wy\u017cej ramach czasowych, zaj\u0119cia traktowane s\u0105 jako odbyte.&nbsp;&nbsp;<\/li>\n<\/ol>\n<h4><strong>\u200d<\/strong><\/h4>\n<p>Zgodnie z \u201eUstaw\u0105 o \u015bwiadczeniu us\u0142ug drog\u0105 elektroniczn\u0105\u201d oraz \u201eUstaw\u0105 o ochronie danych osobowych\u201d wype\u0142niaj\u0105c formularz elektroniczny w trakcie zapis\u00f3w wyra\u017caj\u0105 Pa\u0144stwo zgod\u0119 na bezp\u0142atne przetwarzanie, uaktualnianie, udost\u0119pnianie i przechowywanie danych osobowych Uczestnika i Pa\u0144stwa oraz na utrwalanie wizerunku Pa\u0144stwa dziecka dla potrzeb prawid\u0142owej realizacji zaj\u0119\u0107, a tak\u017ce w celach marketingowych w zgodno\u015bci z Ustaw\u0105 o Ochronie Danych Osobowych z dnia 29.08.1997r Dz. U. z 2016 r., poz. 922.<\/p>\n<h4><strong>\u200d<\/strong><\/h4>\n<p><span style=\"color: inherit; font-family: inherit; font-size: 24px; font-weight: bold; letter-spacing: -0.02em;\">6. POSTANOWIENIA ORGANIZACYJNE&nbsp;<\/span><\/p>\n<p>6.1 W przypadku zdarze\u0144 losowych dopuszczalne jest prowadzenia zaj\u0119\u0107 przez innego instruktora naszego stowarzyszenia i w zast\u0119pstwie lub jednorazowe odwo\u0142anie zaj\u0119\u0107 za kt\u00f3re nie b\u0119dzie pobierana op\u0142ata.<\/p>\n<p>6.2 Garmin Swimming &amp; Rescue zastrzega sobie prawo zmiany godzin zaj\u0119\u0107 cz\u0142onk\u00f3w w przypadku konieczno\u015bci dostosowania poziomu uczestnika do grupy p\u0142ywaj\u0105cej lub nie zebrania odpowiedniej ilo\u015bci ch\u0119tnych os\u00f3b do danej grupy.<\/p>\n<p>6.3 Za bezpiecze\u0144stwo os\u00f3b przebywaj\u0105cych na zaj\u0119ciach odpowiedzialno\u015b\u0107 ponosi prowadz\u0105cy zaj\u0119cia instruktor oraz ratownik pe\u0142ni\u0105cy dy\u017cur. Osoba upowa\u017cniona lub rodzic dziecka do lat 8 jest zobowi\u0105zany do odebrania dziecka z p\u0142yty basenu.<\/p>\n<p>6.4 Opuszczenie i powr\u00f3t na zaj\u0119cia w trakcie ich trwania musi by\u0107 zg\u0142oszone instruktorowi.<\/p>\n<p>6.5 Nie odpowiadamy za rzeczy pozostawione w szatni oraz rzeczy pozostawione obok basenu \u2013 na p\u0142ycie p\u0142ywalni na czas trwania zaj\u0119\u0107.<\/p>\n<p><\/p>\n<h3>7. POLITYKA PRYWATNO\u015aCI<\/h3>\n<p>7.1 . Zgodnie z \u201eUstaw\u0105 o \u015bwiadczeniu us\u0142ug drog\u0105 elektroniczn\u0105\u201d oraz \u201eUstaw\u0105 o ochronie danych osobowych\u201d wype\u0142niaj\u0105c formularz elektroniczny w trakcie zapis\u00f3w wyra\u017caj\u0105 Pa\u0144stwo zgod\u0119 na bezp\u0142atne przetwarzanie, uaktualnianie, udost\u0119pnianie i przechowywanie danych osobowych Uczestnika i Pa\u0144stwa oraz na utrwalanie wizerunku Pa\u0144stwa dziecka dla potrzeb prawid\u0142owej realizacji zaj\u0119\u0107, a tak\u017ce w celach marketingowych na stronie internetowej gsandr.pl oraz kana\u0142ach spo\u0142eczno\u015bciowych YouTube, Facebook, Instagram oraz TikTok, w zgodno\u015bci z Ustaw\u0105 o Ochronie Danych Osobowych z dnia 29.08.1997r Dz. U. z 2016 r., poz. 922.<\/p>\n<p><\/p>\n<h3>8. POSTANOWIENIA KO\u0143COWE<\/h3>\n<p>8.1 Prawem w\u0142a\u015bciwym dla zobowi\u0105za\u0144 wynikaj\u0105cych z regulaminu, kt\u00f3rego przedmiotem s\u0105 us\u0142ugi \u015bwiadczone przez Swimming &amp; Rescue jest prawo polskie. Wszelkie spory zwi\u0105zane z us\u0142ugami \u015bwiadczonymi przez Swimming &amp; Rescue b\u0119d\u0105 rozstrzygane przez w\u0142a\u015bciwe dla siedziby Swimming &amp; Rescue polskie s\u0105dy powszechne.<\/p>\n<p>8.2 Swimming &amp; Rescue&nbsp;jest uprawniony do zmiany Regulaminu i zmiana ta staje si\u0119 skuteczna w terminie wskazanym przez Swimming &amp; Rescue. Termin zmiany nie mo\u017ce by\u0107 kr\u00f3tszy ni\u017c 7 dni od momentu udost\u0119pnienia zmienionego Regulaminu.<\/p>\n<p>8.3 O\u015bwiadczam, \u017ce znam postanowienia statutu, cel oraz zadania stowarzyszenia. Zobowi\u0105zuje si\u0119 do ich przestrzegania oraz aktywnego uczestniczenia.<\/p>\n<p>9. W przypadku powzi\u0119cia informacji o niezgodnym z prawem przetwarzaniu w stowarzyszeniu danych osobowych, przys\u0142uguje Pani\/Panu prawo wniesienia skargi do organu nadzorczego w\u0142a\u015bciwego w sprawach ochrony danych osobowych.<\/p>\n<p>10. W sytuacji, gdy przetwarzanie danych osobowych odbywa si\u0119 na podstawie zgody osoby, kt\u00f3rej dane dotycz\u0105, podanie przez Pani\u0105\/Pana danych osobowych Administratorowi ma charakter dobrowolny.<\/p>\n<p>11. Podanie przez Pani\u0105\/Pana danych osobowych jest obowi\u0105zkowe, w sytuacji gdy przes\u0142ank\u0119 przetwarzania danych osobowych stanowi przepis prawa lub zawarta mi\u0119dzy stronami umowa.<\/p>\n<p>12. Pani\/Pana dane mog\u0105 by\u0107 przetwarzane w spos\u00f3b zautomatyzowany i nie b\u0119d\u0105 profilowane<strong>.<\/strong><\/p>\t\t\t\t\t\t\t\t<\/div>\n\t\t\t\t<\/div>\n\t\t\t\t\t<\/div>\n\t\t<\/div>\n\t\t\t\t\t<\/div>\n\t\t<\/section>\n\t\t\t\t<\/div>\n\t\t","protected":false},"excerpt":{"rendered":"<p>Regulamin zaj\u0119\u0107 p\u0142ywania i sportowego ratownictwa wodnego GARMIN SWIMMING &amp; RESCUE 1. POSTANOWIENIA OG\u00d3LNE&nbsp; 1.1 Stowarzyszenie Swimming &amp;&nbsp; Rescue z siedzib\u0105 przy ulicy Jaworzy\u0144\u015bkiej 11\/10, 00-634, Warszawa, NIP: 7011121320, KRS: 0001007907,&nbsp;&nbsp;jest organizatorem zaj\u0119\u0107 sportowych oraz edukacyjnych. 1.2 Zaj\u0119cia odbywaj\u0105 si\u0119 w grupach maksymalnie 2-10 osobowych lub w formie zaj\u0119\u0107 indywidualnych. 1.3 Wype\u0142nienie formularza zg\u0142oszeniowego wyra\u017ca&hellip;<\/p>\n","protected":false},"author":1,"featured_media":0,"parent":0,"menu_order":0,"comment_status":"closed","ping_status":"closed","template":"","meta":{"om_disable_all_campaigns":false,"_monsterinsights_skip_tracking":false,"_monsterinsights_sitenote_active":false,"_monsterinsights_sitenote_note":"","_monsterinsights_sitenote_category":0,"postBodyCss":"","postBodyMargin":[],"postBodyPadding":[],"postBodyBackground":{"backgroundType":"classic","gradient":""},"footnotes":""},"class_list":["post-1428","page","type-page","status-publish","hentry"],"aioseo_notices":[],"_links":{"self":[{"href":"https:\/\/www.gsandr.pl\/index.php\/wp-json\/wp\/v2\/pages\/1428","targetHints":{"allow":["GET"]}}],"collection":[{"href":"https:\/\/www.gsandr.pl\/index.php\/wp-json\/wp\/v2\/pages"}],"about":[{"href":"https:\/\/www.gsandr.pl\/index.php\/wp-json\/wp\/v2\/types\/page"}],"author":[{"embeddable":true,"href":"https:\/\/www.gsandr.pl\/index.php\/wp-json\/wp\/v2\/users\/1"}],"replies":[{"embeddable":true,"href":"https:\/\/www.gsandr.pl\/index.php\/wp-json\/wp\/v2\/comments?post=1428"}],"version-history":[{"count":13,"href":"https:\/\/www.gsandr.pl\/index.php\/wp-json\/wp\/v2\/pages\/1428\/revisions"}],"predecessor-version":[{"id":2302,"href":"https:\/\/www.gsandr.pl\/index.php\/wp-json\/wp\/v2\/pages\/1428\/revisions\/2302"}],"wp:attachment":[{"href":"https:\/\/www.gsandr.pl\/index.php\/wp-json\/wp\/v2\/media?parent=1428"}],"curies":[{"name":"wp","href":"https:\/\/api.w.org\/{rel}","templated":true}]}}