{"id":10667,"date":"2026-03-17T17:19:14","date_gmt":"2026-03-17T17:19:14","guid":{"rendered":"https:\/\/www.gsandr.pl\/?page_id=10667"},"modified":"2026-03-19T16:49:14","modified_gmt":"2026-03-19T16:49:14","slug":"mistrzostwa-polski-2026","status":"publish","type":"page","link":"https:\/\/www.gsandr.pl\/index.php\/mistrzostwa-polski-2026\/","title":{"rendered":"MISTRZOSTWA POLSKI 2026"},"content":{"rendered":"\t\t<div data-elementor-type=\"wp-page\" data-elementor-id=\"10667\" class=\"elementor elementor-10667\">\n\t\t\t\t\t\t<section class=\"elementor-section elementor-top-section elementor-element elementor-element-f8f2baa elementor-section-boxed elementor-section-height-default elementor-section-height-default\" data-id=\"f8f2baa\" data-element_type=\"section\" data-e-type=\"section\">\n\t\t\t\t\t\t<div class=\"elementor-container elementor-column-gap-default\">\n\t\t\t\t\t<div class=\"elementor-column elementor-col-100 elementor-top-column elementor-element elementor-element-f049534\" data-id=\"f049534\" data-element_type=\"column\" data-e-type=\"column\">\n\t\t\t<div class=\"elementor-widget-wrap elementor-element-populated\">\n\t\t\t\t\t\t<div class=\"elementor-element elementor-element-96c4f58 elementor-widget elementor-widget-image\" data-id=\"96c4f58\" data-element_type=\"widget\" data-e-type=\"widget\" data-widget_type=\"image.default\">\n\t\t\t\t<div class=\"elementor-widget-container\">\n\t\t\t\t\t\t\t\t\t\t\t\t\t\t\t<img fetchpriority=\"high\" decoding=\"async\" width=\"2560\" height=\"640\" src=\"https:\/\/www.gsandr.pl\/wp-content\/uploads\/2026\/03\/TRENINGI-KONKURS-GTT-1600-x-400-px-5-scaled.png\" class=\"attachment-full size-full wp-image-10669\" alt=\"\" srcset=\"https:\/\/www.gsandr.pl\/wp-content\/uploads\/2026\/03\/TRENINGI-KONKURS-GTT-1600-x-400-px-5-scaled.png 2560w, https:\/\/www.gsandr.pl\/wp-content\/uploads\/2026\/03\/TRENINGI-KONKURS-GTT-1600-x-400-px-5-300x75.png 300w, https:\/\/www.gsandr.pl\/wp-content\/uploads\/2026\/03\/TRENINGI-KONKURS-GTT-1600-x-400-px-5-1024x256.png 1024w, https:\/\/www.gsandr.pl\/wp-content\/uploads\/2026\/03\/TRENINGI-KONKURS-GTT-1600-x-400-px-5-768x192.png 768w, https:\/\/www.gsandr.pl\/wp-content\/uploads\/2026\/03\/TRENINGI-KONKURS-GTT-1600-x-400-px-5-1536x384.png 1536w, https:\/\/www.gsandr.pl\/wp-content\/uploads\/2026\/03\/TRENINGI-KONKURS-GTT-1600-x-400-px-5-2048x512.png 2048w, https:\/\/www.gsandr.pl\/wp-content\/uploads\/2026\/03\/TRENINGI-KONKURS-GTT-1600-x-400-px-5-600x150.png 600w\" sizes=\"(max-width: 2560px) 100vw, 2560px\" \/>\t\t\t\t\t\t\t\t\t\t\t\t\t\t\t<\/div>\n\t\t\t\t<\/div>\n\t\t\t\t\t<\/div>\n\t\t<\/div>\n\t\t\t\t\t<\/div>\n\t\t<\/section>\n\t\t\t\t<section class=\"elementor-section elementor-top-section elementor-element elementor-element-fb9c117 elementor-section-boxed elementor-section-height-default elementor-section-height-default\" data-id=\"fb9c117\" data-element_type=\"section\" data-e-type=\"section\">\n\t\t\t\t\t\t<div class=\"elementor-container elementor-column-gap-default\">\n\t\t\t\t\t<div class=\"elementor-column elementor-col-100 elementor-top-column elementor-element elementor-element-9c3eab4\" data-id=\"9c3eab4\" data-element_type=\"column\" data-e-type=\"column\">\n\t\t\t<div class=\"elementor-widget-wrap elementor-element-populated\">\n\t\t\t\t\t\t<div class=\"elementor-element elementor-element-bdc9967 elementor-widget elementor-widget-text-editor\" data-id=\"bdc9967\" data-element_type=\"widget\" data-e-type=\"widget\" data-widget_type=\"text-editor.default\">\n\t\t\t\t<div class=\"elementor-widget-container\">\n\t\t\t\t\t\t\t\t\t<section class=\"elementor-section elementor-top-section elementor-element elementor-element-4d52510 elementor-section-boxed elementor-section-height-default elementor-section-height-default\" data-id=\"4d52510\" data-element_type=\"section\"><div class=\"elementor-container elementor-column-gap-default\"><div class=\"elementor-column elementor-col-100 elementor-top-column elementor-element elementor-element-cf348e9\" data-id=\"cf348e9\" data-element_type=\"column\"><div class=\"elementor-widget-wrap elementor-element-populated\"><div class=\"elementor-element elementor-element-cad8a7f elementor-widget elementor-widget-text-editor\" data-id=\"cad8a7f\" data-element_type=\"widget\" data-widget_type=\"text-editor.default\"><div class=\"elementor-widget-container\"><p><strong>KOMUNIKAT ORGANIZACYJNY<\/strong><\/p><\/div><\/div><\/div><\/div><\/div><\/section><section class=\"elementor-section elementor-top-section elementor-element elementor-element-570ace2 elementor-section-boxed elementor-section-height-default elementor-section-height-default active\" data-id=\"570ace2\" data-element_type=\"section\"><div class=\"elementor-container elementor-column-gap-default\"><div class=\"elementor-column elementor-col-100 elementor-top-column elementor-element elementor-element-e46b858\" data-id=\"e46b858\" data-element_type=\"column\"><div class=\"elementor-widget-wrap elementor-element-populated\"><div class=\"elementor-element elementor-element-9fdb201 elementor-widget elementor-widget-text-editor\" data-id=\"9fdb201\" data-element_type=\"widget\" data-widget_type=\"text-editor.default\"><div class=\"elementor-widget-container\"><ul><li><strong>Zawody<\/strong>: Mistrzostwa Polski w Ratownictwie Morskim<\/li><li><strong>Termin<\/strong>: 11-12 lipca 2026 roku<\/li><li><strong>Lokalizacja<\/strong>: \u015awinouj\u015bcie (zej\u015bcie nr 15, ul. Interferie)<\/li><li><strong>Organizatorzy<\/strong>: GARMIN Swimming &amp; Rescue, WOPR \u015awinouj\u015bcie, Zachodniopomorskie WOPR, Zarz\u0105d G\u0142\u00f3wny WOPR, OSiR Wyspiarz \u015awinouj\u015bcie, Urz\u0105d Miasta \u015awinouj\u015bcie<\/li><li><strong>Sponsorzy<\/strong>:\u00a0GARMIN Polska, PK. Kancelaria Piotrowski i Wsp\u00f3lnicy<\/li><li><strong>Partnerzy<\/strong>: Operator Sieci Plus, SAR \u2013 Morska S\u0142u\u017cba Poszukiwania i Ratownictwa, Team4Life, B\u0142\u0119kitna.com, U1, Fly2rescue, Interferie.pl, Grupa Polski Holding Hotelowy<\/li><li><strong>Patronat Honorowy<\/strong>: Prezydent Miasta \u015awinouj\u015bcie, Prezes Zarz\u0105du G\u0142\u00f3wnego WOPR Pawe\u0142 B\u0142asiak, Dyrektor SAR Sebastian Kluska<\/li><li><strong>Patronat medialny<\/strong>: Czw\u00f3rka Polskie Radio<\/li><li><strong>Zg\u0142oszenia<\/strong>: do dnia 9 lipca 2025 roku poprzez formularz zg\u0142oszeniowy na stronie:\u00a0<i>Mistrzostwa Polski w Ratownictwie Morskim | LiveTiming<\/i>. W przypadku zg\u0142oszenia po tym terminie (w tym w dniu zawod\u00f3w) &#8211; Organizator nie gwarantuje otrzymania pakiet\u00f3w startowych.<\/li><li><strong>Klasyfikacja<\/strong>: dru\u017cynowa OPEN (damska, m\u0119ska lub mieszana), indywidualna \u2013 M\u0142odzik (12-14 lat), Junior (15-17), Open (od 18 lat), Masters (30+ lat) \u2013 uko\u0144czone w roku rozgrywania zawod\u00f3w.<\/li><li><b>Zasady rozgrywania konkurencji<\/b>: konkurencje indywidualne rozgrywane b\u0119d\u0105 i punktowane z podzia\u0142em na M\u0141ODZIK i pozosta\u0142e (tzn. M\u0141ODZIK nie zalicza si\u0119 do klasyfikacji OPEN)<\/li><li><strong>Koszty<\/strong>: Op\u0142ata za pakiet startowy wynosi 50 pln\/zawodnik \u2013 p\u0142atne przelewem na konto Organizatora (nr: .\u00a0<b>06 2910 0006 2469 8002 0877 2683<\/b>\u00a0z dopiskiem:<em>\u00a0MP \u015awinouj\u015bcie 2026 + imi\u0119 i nazwisko uczestnika \/ nazwa dru\u017cyny<\/em>). Uczestnicy sami pokrywaj\u0105 koszty zakwaterowania, wy\u017cywienia i transportu.<\/li><li><strong>Sprz\u0119t do zawod\u00f3w<\/strong>: Organizator zapewnia pasy ratownicze. Organizator mo\u017ce u\u017cyczy\u0107 deski ratownicze. Zawodnicy startuj\u0105 na w\u0142asnym sprz\u0119cie o ile spe\u0142nia wymogi regulaminowe.<\/li><li><strong>Nagrody<\/strong>: zwyci\u0119zcy konkurencji otrzymaj\u0105 medale. Trzy najlepsze dru\u017cyny otrzymaj\u0105 puchary. Zwyci\u0119zcy klasyfikacji otrzymaj\u0105 puchary oraz nagrody rzeczowe,\u00a0<b>w tym zegarki GARMIN.<\/b><\/li><li><strong>Informacje dodatkowe<\/strong>: zawody rozgrywane w ramach obchod\u00f3w \u015awiatowego Dnia Zapobiegania Utoni\u0119ciom ustanowionego rezolucj\u0105 ONZ na dzie\u0144 25 lipca.<\/li><li><strong>Pliki do pobrania<\/strong>:\u00a0<br \/><span style=\"letter-spacing: 0px;\">&#8211; <strong><a href=\"https:\/\/www.gsandr.pl\/wp-content\/uploads\/2026\/03\/REGULAMIN-MP-2026.pdf\">REGULAMIN MP 2026<\/a><\/strong><\/span><span style=\"letter-spacing: 0px;\"><br \/><\/span><span style=\"letter-spacing: 0px;\">&#8211; <\/span><span style=\"letter-spacing: 0px;\"><strong><a href=\"https:\/\/www.gsandr.pl\/wp-content\/uploads\/2026\/03\/OSWIADCZENIE-OPIEKUNA-.pdf\">O\u015aWIADCZENIE OPIEKUNA<\/a><\/strong><br \/><\/span><span style=\"letter-spacing: 0px;\">&#8211;\u00a0<\/span><a title=\"RODO\" href=\"https:\/\/www.gsandr.pl\/index.php\/rodo\/\"><strong style=\"letter-spacing: 0px;\">RODO<\/strong><\/a><\/li><\/ul><\/div><\/div><\/div><\/div><\/div><\/section>\t\t\t\t\t\t\t\t<\/div>\n\t\t\t\t<\/div>\n\t\t\t\t\t<\/div>\n\t\t<\/div>\n\t\t\t\t\t<\/div>\n\t\t<\/section>\n\t\t\t\t<section class=\"elementor-section elementor-top-section elementor-element elementor-element-8424aba elementor-section-boxed elementor-section-height-default elementor-section-height-default\" data-id=\"8424aba\" data-element_type=\"section\" data-e-type=\"section\">\n\t\t\t\t\t\t<div class=\"elementor-container elementor-column-gap-default\">\n\t\t\t\t\t<div class=\"elementor-column elementor-col-100 elementor-top-column elementor-element elementor-element-95b308d\" data-id=\"95b308d\" data-element_type=\"column\" data-e-type=\"column\">\n\t\t\t<div class=\"elementor-widget-wrap elementor-element-populated\">\n\t\t\t\t\t\t<div class=\"elementor-element elementor-element-2ff95a2 elementor-widget elementor-widget-text-editor\" data-id=\"2ff95a2\" data-element_type=\"widget\" data-e-type=\"widget\" data-widget_type=\"text-editor.default\">\n\t\t\t\t<div class=\"elementor-widget-container\">\n\t\t\t\t\t\t\t\t\t<p><strong>PROGRAM ZAWOD\u00d3W<\/strong><\/p>\t\t\t\t\t\t\t\t<\/div>\n\t\t\t\t<\/div>\n\t\t\t\t\t<\/div>\n\t\t<\/div>\n\t\t\t\t\t<\/div>\n\t\t<\/section>\n\t\t\t\t<section class=\"elementor-section elementor-top-section elementor-element elementor-element-9cf849d elementor-section-boxed elementor-section-height-default elementor-section-height-default\" data-id=\"9cf849d\" data-element_type=\"section\" data-e-type=\"section\" data-settings=\"{&quot;background_background&quot;:&quot;classic&quot;}\">\n\t\t\t\t\t\t<div class=\"elementor-container elementor-column-gap-default\">\n\t\t\t\t\t<div class=\"elementor-column elementor-col-50 elementor-top-column elementor-element elementor-element-11cb761\" data-id=\"11cb761\" data-element_type=\"column\" data-e-type=\"column\">\n\t\t\t<div class=\"elementor-widget-wrap elementor-element-populated\">\n\t\t\t\t\t\t<div class=\"elementor-element elementor-element-f04065c elementor-widget elementor-widget-text-editor\" data-id=\"f04065c\" data-element_type=\"widget\" data-e-type=\"widget\" data-widget_type=\"text-editor.default\">\n\t\t\t\t<div class=\"elementor-widget-container\">\n\t\t\t\t\t\t\t\t\t<p><strong>Sobota (11 lipca 2026) konkurencje dru\u017cynowe:<\/strong><\/p><ul><li>10:00 \u2013 akredytacja<\/li><li>11:30 \u2013 ceremonia otwarcia MP<\/li><li>12:00 \u2013 akcja z pasem ratowniczym* (snc)<\/li><li>13:00 \u2013 dekoracja<\/li><li>13:15 \u2013 akcja z desk\u0105 (snc)<\/li><li>14:15 \u2013 dekoracja<\/li><li>14:30 \u2013 sztafeta GARMIN (snc)<\/li><li>15:15 \u2013 dekoracja<\/li><li>15:30 \u2013 sztafeta sprint po pla\u017cy (snc)<\/li><li>16:30 \u2013 dekoracja<\/li><\/ul>\t\t\t\t\t\t\t\t<\/div>\n\t\t\t\t<\/div>\n\t\t\t\t\t<\/div>\n\t\t<\/div>\n\t\t\t\t<div class=\"elementor-column elementor-col-50 elementor-top-column elementor-element elementor-element-4c6bb61\" data-id=\"4c6bb61\" data-element_type=\"column\" data-e-type=\"column\">\n\t\t\t<div class=\"elementor-widget-wrap elementor-element-populated\">\n\t\t\t\t\t\t<div class=\"elementor-element elementor-element-910db4e elementor-widget elementor-widget-text-editor\" data-id=\"910db4e\" data-element_type=\"widget\" data-e-type=\"widget\" data-widget_type=\"text-editor.default\">\n\t\t\t\t<div class=\"elementor-widget-container\">\n\t\t\t\t\t\t\t\t\t<p><strong>Niedziela (12 lipca 2026) konkurencje indywidualne:<\/strong><\/p><ul><li>10:00 \u2013 odprawa zawodnik\u00f3w<\/li><li>10:30 \u2013 wy\u015bcig p\u0142ywanie\u00a0(f)<\/li><li>11:00 \u2013 dekoracja<\/li><li>11:15 \u2013 wy\u015bcig na deskach ratowniczych (f)<\/li><li>12:15 \u2013 dekoracja<\/li><li>12:30 \u2013 wy\u015bcig bieg \u2013 p\u0142ywanie \u2013 bieg (f)<\/li><li>13:30 \u2013 dekoracja<\/li><li>13:45 \u2013 flagi pla\u017cowe\u00a0(f)<\/li><li>15:45 \u2013 dekoracja<\/li><li>16:00 \u2013 wr\u0119czenie nagr\u00f3d i zako\u0144czenie Mistrzostw<\/li><\/ul>\t\t\t\t\t\t\t\t<\/div>\n\t\t\t\t<\/div>\n\t\t\t\t\t<\/div>\n\t\t<\/div>\n\t\t\t\t\t<\/div>\n\t\t<\/section>\n\t\t\t\t<section class=\"elementor-section elementor-top-section elementor-element elementor-element-6702fe0 elementor-section-boxed elementor-section-height-default elementor-section-height-default\" data-id=\"6702fe0\" data-element_type=\"section\" data-e-type=\"section\">\n\t\t\t\t\t\t<div class=\"elementor-container elementor-column-gap-default\">\n\t\t\t\t\t<div class=\"elementor-column elementor-col-100 elementor-top-column elementor-element elementor-element-b5c471c\" data-id=\"b5c471c\" data-element_type=\"column\" data-e-type=\"column\">\n\t\t\t<div class=\"elementor-widget-wrap elementor-element-populated\">\n\t\t\t\t\t\t<div class=\"elementor-element elementor-element-19a2e82 elementor-widget elementor-widget-text-editor\" data-id=\"19a2e82\" data-element_type=\"widget\" data-e-type=\"widget\" data-widget_type=\"text-editor.default\">\n\t\t\t\t<div class=\"elementor-widget-container\">\n\t\t\t\t\t\t\t\t\t<p><strong>LEGENDA<\/strong>:<br \/>* konkurencja po\u015bwi\u0119cona pami\u0119ci Przemka Regulskiego<\/p><p>(snc) \u2013 seriami na czas<\/p><p>(f) \u2013 eliminacje i fina\u0142 (o ile wi\u0119cej ni\u017c 1 seria w konkurencji \/ klasyfikacji \/ kategorii)<\/p><ul><li>Organizator zastrzega sobie prawo do wprowadzania zmian w programie i regulaminie.<\/li><li>Wszelkich informacji udziela organizator poprzez email:\u00a0<a href=\"mailto:biuro@gsandr.pl\">biuro@gsandr.pl<\/a><\/li><\/ul>\t\t\t\t\t\t\t\t<\/div>\n\t\t\t\t<\/div>\n\t\t\t\t\t<\/div>\n\t\t<\/div>\n\t\t\t\t\t<\/div>\n\t\t<\/section>\n\t\t\t\t<\/div>\n\t\t","protected":false},"excerpt":{"rendered":"<p>KOMUNIKAT ORGANIZACYJNY Zawody: Mistrzostwa Polski w Ratownictwie Morskim Termin: 11-12 lipca 2026 roku Lokalizacja: \u015awinouj\u015bcie (zej\u015bcie nr 15, ul. Interferie) Organizatorzy: GARMIN Swimming &amp; Rescue, WOPR \u015awinouj\u015bcie, Zachodniopomorskie WOPR, Zarz\u0105d G\u0142\u00f3wny WOPR, OSiR Wyspiarz \u015awinouj\u015bcie, Urz\u0105d Miasta \u015awinouj\u015bcie Sponsorzy:\u00a0GARMIN Polska, PK. Kancelaria Piotrowski i Wsp\u00f3lnicy Partnerzy: Operator Sieci Plus, SAR \u2013 Morska S\u0142u\u017cba Poszukiwania i&hellip;<\/p>\n","protected":false},"author":1,"featured_media":0,"parent":0,"menu_order":0,"comment_status":"closed","ping_status":"closed","template":"","meta":{"om_disable_all_campaigns":false,"_monsterinsights_skip_tracking":false,"_monsterinsights_sitenote_active":false,"_monsterinsights_sitenote_note":"","_monsterinsights_sitenote_category":0,"postBodyCss":"","postBodyMargin":[],"postBodyPadding":[],"postBodyBackground":{"backgroundType":"classic","gradient":""},"footnotes":""},"class_list":["post-10667","page","type-page","status-publish","hentry"],"aioseo_notices":[],"_links":{"self":[{"href":"https:\/\/www.gsandr.pl\/index.php\/wp-json\/wp\/v2\/pages\/10667","targetHints":{"allow":["GET"]}}],"collection":[{"href":"https:\/\/www.gsandr.pl\/index.php\/wp-json\/wp\/v2\/pages"}],"about":[{"href":"https:\/\/www.gsandr.pl\/index.php\/wp-json\/wp\/v2\/types\/page"}],"author":[{"embeddable":true,"href":"https:\/\/www.gsandr.pl\/index.php\/wp-json\/wp\/v2\/users\/1"}],"replies":[{"embeddable":true,"href":"https:\/\/www.gsandr.pl\/index.php\/wp-json\/wp\/v2\/comments?post=10667"}],"version-history":[{"count":22,"href":"https:\/\/www.gsandr.pl\/index.php\/wp-json\/wp\/v2\/pages\/10667\/revisions"}],"predecessor-version":[{"id":10718,"href":"https:\/\/www.gsandr.pl\/index.php\/wp-json\/wp\/v2\/pages\/10667\/revisions\/10718"}],"wp:attachment":[{"href":"https:\/\/www.gsandr.pl\/index.php\/wp-json\/wp\/v2\/media?parent=10667"}],"curies":[{"name":"wp","href":"https:\/\/api.w.org\/{rel}","templated":true}]}}