{"id":10524,"date":"2026-02-25T13:28:54","date_gmt":"2026-02-25T13:28:54","guid":{"rendered":"https:\/\/www.gsandr.pl\/?page_id=10524"},"modified":"2026-02-25T14:07:39","modified_gmt":"2026-02-25T14:07:39","slug":"dzien-kobiet-na-csr-wum-2026","status":"publish","type":"page","link":"https:\/\/www.gsandr.pl\/index.php\/dzien-kobiet-na-csr-wum-2026\/","title":{"rendered":"DZIE\u0143 KOBIET NA CSR WUM 2026"},"content":{"rendered":"\t\t<div data-elementor-type=\"wp-page\" data-elementor-id=\"10524\" class=\"elementor elementor-10524\">\n\t\t\t\t\t\t<section class=\"elementor-section elementor-top-section elementor-element elementor-element-b365da4 elementor-section-boxed elementor-section-height-default elementor-section-height-default\" data-id=\"b365da4\" data-element_type=\"section\" data-e-type=\"section\">\n\t\t\t\t\t\t<div class=\"elementor-container elementor-column-gap-default\">\n\t\t\t\t\t<div class=\"elementor-column elementor-col-100 elementor-top-column elementor-element elementor-element-550c668\" data-id=\"550c668\" data-element_type=\"column\" data-e-type=\"column\">\n\t\t\t<div class=\"elementor-widget-wrap elementor-element-populated\">\n\t\t\t\t\t\t<div class=\"elementor-element elementor-element-37f9780 elementor-widget elementor-widget-image\" data-id=\"37f9780\" data-element_type=\"widget\" data-e-type=\"widget\" data-widget_type=\"image.default\">\n\t\t\t\t<div class=\"elementor-widget-container\">\n\t\t\t\t\t\t\t\t\t\t\t\t\t\t\t<img fetchpriority=\"high\" decoding=\"async\" width=\"1663\" height=\"525\" src=\"https:\/\/www.gsandr.pl\/wp-content\/uploads\/2026\/02\/LIU-25-baner-Spotted-950x300-21.png\" class=\"attachment-full size-full wp-image-10533\" alt=\"\" srcset=\"https:\/\/www.gsandr.pl\/wp-content\/uploads\/2026\/02\/LIU-25-baner-Spotted-950x300-21.png 1663w, https:\/\/www.gsandr.pl\/wp-content\/uploads\/2026\/02\/LIU-25-baner-Spotted-950x300-21-300x95.png 300w, https:\/\/www.gsandr.pl\/wp-content\/uploads\/2026\/02\/LIU-25-baner-Spotted-950x300-21-1024x323.png 1024w, https:\/\/www.gsandr.pl\/wp-content\/uploads\/2026\/02\/LIU-25-baner-Spotted-950x300-21-768x242.png 768w, https:\/\/www.gsandr.pl\/wp-content\/uploads\/2026\/02\/LIU-25-baner-Spotted-950x300-21-1536x485.png 1536w, https:\/\/www.gsandr.pl\/wp-content\/uploads\/2026\/02\/LIU-25-baner-Spotted-950x300-21-600x189.png 600w\" sizes=\"(max-width: 1663px) 100vw, 1663px\" \/>\t\t\t\t\t\t\t\t\t\t\t\t\t\t\t<\/div>\n\t\t\t\t<\/div>\n\t\t\t\t\t<\/div>\n\t\t<\/div>\n\t\t\t\t\t<\/div>\n\t\t<\/section>\n\t\t\t\t<section class=\"elementor-section elementor-top-section elementor-element elementor-element-00d17d1 elementor-section-boxed elementor-section-height-default elementor-section-height-default\" data-id=\"00d17d1\" data-element_type=\"section\" data-e-type=\"section\">\n\t\t\t\t\t\t<div class=\"elementor-container elementor-column-gap-default\">\n\t\t\t\t\t<div class=\"elementor-column elementor-col-100 elementor-top-column elementor-element elementor-element-6bd519b\" data-id=\"6bd519b\" data-element_type=\"column\" data-e-type=\"column\">\n\t\t\t<div class=\"elementor-widget-wrap elementor-element-populated\">\n\t\t\t\t\t\t<div class=\"elementor-element elementor-element-c0a99e3 elementor-widget elementor-widget-text-editor\" data-id=\"c0a99e3\" data-element_type=\"widget\" data-e-type=\"widget\" data-widget_type=\"text-editor.default\">\n\t\t\t\t<div class=\"elementor-widget-container\">\n\t\t\t\t\t\t\t\t\t<p><strong>AKCJA<\/strong>: Dzie\u0144 Kobiet na CSR WUM<\/p>\n<p><strong>TERMIN<\/strong>: 8 marca 2026, godz.: 11:00-12:00<\/p>\n<p><strong>MIEJSCE<\/strong>: p\u0142ywalnia Centrum Sportowo Rehabilitacyjne Warszawskiego Uniwersytetu Medycznego, ul. Ks.Trojdena 2C, Warszawa<\/p>\n<p><strong>UCZESTNICY<\/strong>: Zapraszamy Panie <img decoding=\"async\" class=\"emoji\" role=\"img\" draggable=\"false\" src=\"https:\/\/s.w.org\/images\/core\/emoji\/17.0.2\/svg\/1f642.svg\" alt=\"\ud83d\ude42\"><\/p>\n<p><strong>PARTNER:<\/strong>&nbsp;GARMIN Polska<\/p>\n<p><strong>ORGANIZATORZY<\/strong>: CSR WUM, GARMIN Swimming &amp; Rescue<\/p>\n<p><strong>PROWADZ\u0104CY<\/strong>: Trenerzy Garmin Swimming &amp; Rescue i Legia Swimming Schools<\/p>\n<p><strong>KOSZT<\/strong>: Udzia\u0142 bezp\u0142atny. Ilo\u015b\u0107 miejsc jest ograniczona. Decyduje kolejno\u015b\u0107 zg\u0142osze\u0144<\/p>\n<p><strong>ZG\u0141OSZENIA<\/strong>:&nbsp;<strong><a href=\"https:\/\/docs.google.com\/forms\/d\/e\/1FAIpQLSexzet2r7fZ-Q8hZcQBB9Nl7PWH5Dk4tlbCaRmoBNlkWUTxCA\/viewform?usp=publish-editor\">FORMULARZ<\/a><\/strong><\/p>\t\t\t\t\t\t\t\t<\/div>\n\t\t\t\t<\/div>\n\t\t\t\t\t<\/div>\n\t\t<\/div>\n\t\t\t\t\t<\/div>\n\t\t<\/section>\n\t\t\t\t<section class=\"elementor-section elementor-top-section elementor-element elementor-element-bca1b81 elementor-section-boxed elementor-section-height-default elementor-section-height-default\" data-id=\"bca1b81\" data-element_type=\"section\" data-e-type=\"section\">\n\t\t\t\t\t\t<div class=\"elementor-container elementor-column-gap-default\">\n\t\t\t\t\t<div class=\"elementor-column elementor-col-100 elementor-top-column elementor-element elementor-element-ba36681\" data-id=\"ba36681\" data-element_type=\"column\" data-e-type=\"column\">\n\t\t\t<div class=\"elementor-widget-wrap elementor-element-populated\">\n\t\t\t\t\t\t<div class=\"elementor-element elementor-element-0fe456e elementor-widget elementor-widget-text-editor\" data-id=\"0fe456e\" data-element_type=\"widget\" data-e-type=\"widget\" data-widget_type=\"text-editor.default\">\n\t\t\t\t<div class=\"elementor-widget-container\">\n\t\t\t\t\t\t\t\t\t<p><em>Ju\u017c dzi\u015b zapisz si\u0119 na wyj\u0105tkowe zaj\u0119cia z okazji Dnia Kobiet! <\/em><em style=\"color: rgb(84, 89, 95); letter-spacing: 0px;\">Po potwierdzeniu zg\u0142oszenia, widzimy si\u0119 o godz.: 10:50 przy niecce p\u0142ywalni, gdzie nasi trenerzy przeprowadz\u0105 zaj\u0119cia w wodzie.<\/em><\/p>\n<p style=\"color: #54595f; text-align: center;\"><em>Panowie i Panie! Zr\u00f3bcie wyj\u0105tkowy&nbsp; prezent swojej Partnerce!&nbsp; P\u0142ywanie wyzwala endorfiny wi\u0119c oboje b\u0119dziecie zadowoleni&nbsp;\ud83d\ude42&nbsp;<\/em><em style=\"letter-spacing: 0px;\">Do zobaczenia na basenie!<\/em><\/p><p style=\"color: #54595f; text-align: center;\"><em style=\"letter-spacing: 0px;\">PS.&nbsp;<\/em><em style=\"color: rgb(104, 104, 104); letter-spacing: 0px;\">Zapraszamy r\u00f3wnie\u017c Panie, kt\u00f3re stawiaj\u0105 swoje \u201cpierwsze kroki\u201d w p\u0142ywaniu!<\/em><\/p>\n<p style=\"color: #54595f; text-align: center;\"><em>Liczba miejsc jest ograniczona. Decyduje kolejno\u015b\u0107 zg\u0142osze\u0144.<\/em><\/p>\n<p style=\"color: #54595f; text-align: center;\"><em>W razie jakichkolwiek pyta\u0144 prosimy o kontakt pod adresem mailowym:&nbsp;<b>biuro@gsandr.pl<\/b><\/em><\/p>\n<p style=\"color: #54595f; text-align: center;\"><em>*Wysy\u0142aj\u0105c zg\u0142oszenia wyra\u017casz zgod\u0119 na zapisy klauzuli RODO oraz wykorzystanie wizerunku w celach promocji akcji w mediach spo\u0142eczno\u015bciowych Organizator\u00f3w i Partner\u00f3w.<\/em><em style=\"color: rgb(104, 104, 104); letter-spacing: 0px;\">&nbsp;<\/em><\/p>\t\t\t\t\t\t\t\t<\/div>\n\t\t\t\t<\/div>\n\t\t\t\t\t<\/div>\n\t\t<\/div>\n\t\t\t\t\t<\/div>\n\t\t<\/section>\n\t\t\t\t<\/div>\n\t\t","protected":false},"excerpt":{"rendered":"<p>AKCJA: Dzie\u0144 Kobiet na CSR WUM TERMIN: 8 marca 2026, godz.: 11:00-12:00 MIEJSCE: p\u0142ywalnia Centrum Sportowo Rehabilitacyjne Warszawskiego Uniwersytetu Medycznego, ul. Ks.Trojdena 2C, Warszawa UCZESTNICY: Zapraszamy Panie PARTNER:&nbsp;GARMIN Polska ORGANIZATORZY: CSR WUM, GARMIN Swimming &amp; Rescue PROWADZ\u0104CY: Trenerzy Garmin Swimming &amp; Rescue i Legia Swimming Schools KOSZT: Udzia\u0142 bezp\u0142atny. Ilo\u015b\u0107 miejsc jest ograniczona. Decyduje kolejno\u015b\u0107&hellip;<\/p>\n","protected":false},"author":1,"featured_media":0,"parent":0,"menu_order":0,"comment_status":"closed","ping_status":"closed","template":"","meta":{"om_disable_all_campaigns":false,"_monsterinsights_skip_tracking":false,"_monsterinsights_sitenote_active":false,"_monsterinsights_sitenote_note":"","_monsterinsights_sitenote_category":0,"postBodyCss":"","postBodyMargin":[],"postBodyPadding":[],"postBodyBackground":{"backgroundType":"classic","gradient":""},"footnotes":""},"class_list":["post-10524","page","type-page","status-publish","hentry"],"aioseo_notices":[],"_links":{"self":[{"href":"https:\/\/www.gsandr.pl\/index.php\/wp-json\/wp\/v2\/pages\/10524","targetHints":{"allow":["GET"]}}],"collection":[{"href":"https:\/\/www.gsandr.pl\/index.php\/wp-json\/wp\/v2\/pages"}],"about":[{"href":"https:\/\/www.gsandr.pl\/index.php\/wp-json\/wp\/v2\/types\/page"}],"author":[{"embeddable":true,"href":"https:\/\/www.gsandr.pl\/index.php\/wp-json\/wp\/v2\/users\/1"}],"replies":[{"embeddable":true,"href":"https:\/\/www.gsandr.pl\/index.php\/wp-json\/wp\/v2\/comments?post=10524"}],"version-history":[{"count":16,"href":"https:\/\/www.gsandr.pl\/index.php\/wp-json\/wp\/v2\/pages\/10524\/revisions"}],"predecessor-version":[{"id":10545,"href":"https:\/\/www.gsandr.pl\/index.php\/wp-json\/wp\/v2\/pages\/10524\/revisions\/10545"}],"wp:attachment":[{"href":"https:\/\/www.gsandr.pl\/index.php\/wp-json\/wp\/v2\/media?parent=10524"}],"curies":[{"name":"wp","href":"https:\/\/api.w.org\/{rel}","templated":true}]}}